{"id":31102,"date":"2019-09-05T12:13:34","date_gmt":"2019-09-05T10:13:34","guid":{"rendered":"https:\/\/avu.lu\/kontakt\/"},"modified":"2026-03-20T14:24:31","modified_gmt":"2026-03-20T13:24:31","slug":"kontakt","status":"publish","type":"page","link":"https:\/\/avu.lu\/de\/kontakt\/","title":{"rendered":"Kontakt"},"content":{"rendered":"<p>[et_pb_section fb_built=&#8220;1&#8243; _builder_version=&#8220;4.16&#8243; custom_padding=&#8220;||0px|||&#8220; global_colors_info=&#8220;{}&#8220;][et_pb_row _builder_version=&#8220;4.16&#8243; global_colors_info=&#8220;{}&#8220;][et_pb_column type=&#8220;4_4&#8243; _builder_version=&#8220;4.16&#8243; custom_padding=&#8220;|||&#8220; global_colors_info=&#8220;{}&#8220; custom_padding__hover=&#8220;|||&#8220;][et_pb_text module_id=&#8220;#promotion&#8220; _builder_version=&#8220;4.16&#8243; header_font=&#8220;|700|||||||&#8220; header_text_color=&#8220;#0069b3&#8243; header_font_size=&#8220;50px&#8220; header_2_text_color=&#8220;rgba(2,0,0,0.58)&#8220; header_2_font_size=&#8220;24px&#8220; header_2_line_height=&#8220;1.5em&#8220; header_font_size_tablet=&#8220;36px&#8220; header_font_size_phone=&#8220;28px&#8220; header_font_size_last_edited=&#8220;on|tablet&#8220; header_2_font_size_tablet=&#8220;22px&#8220; header_2_font_size_phone=&#8220;18px&#8220; header_2_font_size_last_edited=&#8220;on|desktop&#8220; global_colors_info=&#8220;{}&#8220;]<\/p>\n<h1>Kontaktinformationen<\/h1>\n<h2>Kontaktieren Sie uns, um mehr \u00fcber unsere L\u00f6sungen f\u00fcr den Ausbau von Nutzfahrzeugen zu erfahren.<\/h2>\n<p>[\/et_pb_text][\/et_pb_column][\/et_pb_row][\/et_pb_section][et_pb_section fb_built=&#8220;1&#8243; _builder_version=&#8220;4.16&#8243; custom_padding=&#8220;0px|||||&#8220; global_colors_info=&#8220;{}&#8220;][et_pb_row column_structure=&#8220;1_4,1_4,1_4,1_4&#8243; _builder_version=&#8220;4.16&#8243; global_colors_info=&#8220;{}&#8220;][et_pb_column type=&#8220;1_4&#8243; _builder_version=&#8220;4.16&#8243; custom_padding=&#8220;|||&#8220; global_colors_info=&#8220;{}&#8220; custom_padding__hover=&#8220;|||&#8220;][et_pb_text _builder_version=&#8220;4.27.5&#8243; link_font=&#8220;||||on|||#0069B3|&#8220; link_text_color=&#8220;gcid-aea6fc95-93fe-4e1a-aa30-b6e84e5e4d3d&#8220; hover_enabled=&#8220;0&#8243; global_colors_info=&#8220;{%22gcid-aea6fc95-93fe-4e1a-aa30-b6e84e5e4d3d%22:%91%22link_text_color%22%93}&#8220; sticky_enabled=&#8220;0&#8243;]<\/p>\n<h3 style=\"text-align: justify;\"><span style=\"font-size: large; color: #000000;\">A.V.U. By Breger S.\u00e0 r.l<\/span><\/h3>\n<p style=\"text-align: justify;\"><span style=\"color: #000000;\">41a, Zone Industrielle Kehlen<\/span><\/p>\n<p style=\"text-align: justify;\"><span style=\"color: #000000;\">L-8287 Kehlen<\/span><\/p>\n<p style=\"text-align: justify;\"><span style=\"color: #000000;\">Tel.: <a href=\"tel:+352281190\">+352 28 11 90<\/a><\/span><\/p>\n<p style=\"text-align: justify;\">\u00d6ffnungszeiten:<br \/>\nMontag bis Freitag<br \/>\n08:00 &#8211; 12:00 Uhr<br \/>\n13:00 &#8211; 17:00 Uhr<\/p>\n<p style=\"text-align: justify;\">Sprachen:<\/p>\n<p style=\"text-align: justify;\"><img loading=\"lazy\" decoding=\"async\" src=\"https:\/\/avu.lu\/wp-content\/uploads\/2021\/04\/icons-avu-breger-luxembourg-2.png\" alt=\"\" class=\"wp-image-30628 alignnone size-medium\" width=\"32\" height=\"32\"> <img loading=\"lazy\" decoding=\"async\" src=\"https:\/\/avu.lu\/wp-content\/uploads\/2021\/04\/icons-avu-breger-luxembourg-1.png\" alt=\"\" class=\"wp-image-30627 alignnone size-medium\" width=\"32\" height=\"32\"> <img loading=\"lazy\" decoding=\"async\" src=\"https:\/\/avu.lu\/wp-content\/uploads\/2021\/04\/icons-avu-breger-luxembourg-3.png\" alt=\"\" class=\"wp-image-30629 alignnone size-medium\" width=\"32\" height=\"32\"> <img loading=\"lazy\" decoding=\"async\" src=\"https:\/\/avu.lu\/wp-content\/uploads\/2021\/04\/icons-avu-breger-luxembourg-4.png\" alt=\"\" class=\"wp-image-30626 alignnone size-full\" width=\"32\" height=\"32\"><\/p>\n<p>[\/et_pb_text][\/et_pb_column][et_pb_column type=&#8220;1_4&#8243; _builder_version=&#8220;4.16&#8243; custom_padding=&#8220;|||&#8220; global_colors_info=&#8220;{}&#8220; custom_padding__hover=&#8220;|||&#8220;][et_pb_text disabled_on=&#8220;off|off|off&#8220; _builder_version=&#8220;4.16&#8243; global_colors_info=&#8220;{}&#8220;]<\/p>\n<p>&nbsp;<\/p>\n<p>&nbsp;<\/p>\n<p>&nbsp;<\/p>\n<p>IBAN LU83 0024 3100 9461 0500 BIC:BILLLULL<\/p>\n<p>USt-IdNr.: LU27516162<\/p>\n<p>Registernummer: 2015 2409 576<\/p>\n<p>Handelsregisternummer: B0195134<\/p>\n<p>[\/et_pb_text][\/et_pb_column][et_pb_column type=&#8220;1_4&#8243; _builder_version=&#8220;4.16&#8243; custom_padding=&#8220;|||&#8220; global_colors_info=&#8220;{}&#8220; custom_padding__hover=&#8220;|||&#8220;][et_pb_text _builder_version=&#8220;4.16&#8243; global_colors_info=&#8220;{}&#8220;]<\/p>\n<p>&nbsp;<\/p>\n<p>&nbsp;<\/p>\n<p>&nbsp;<\/p>\n<p>[\/et_pb_text][et_pb_image src=&#8220;https:\/\/avu.lu\/wp-content\/uploads\/2020\/01\/pass-foto-1.jpg&#8220; align_tablet=&#8220;center&#8220; align_phone=&#8220;&#8220; align_last_edited=&#8220;on|desktop&#8220; _builder_version=&#8220;4.16&#8243; global_colors_info=&#8220;{}&#8220;][\/et_pb_image][et_pb_text _builder_version=&#8220;4.16&#8243; global_colors_info=&#8220;{}&#8220;][\/et_pb_text][\/et_pb_column][et_pb_column type=&#8220;1_4&#8243; _builder_version=&#8220;4.16&#8243; custom_padding=&#8220;|||&#8220; global_colors_info=&#8220;{}&#8220; custom_padding__hover=&#8220;|||&#8220;][et_pb_text _builder_version=&#8220;4.27.5&#8243; link_font=&#8220;||||on||||&#8220; link_text_color=&#8220;gcid-aea6fc95-93fe-4e1a-aa30-b6e84e5e4d3d&#8220; hover_enabled=&#8220;0&#8243; global_colors_info=&#8220;{%22gcid-aea6fc95-93fe-4e1a-aa30-b6e84e5e4d3d%22:%91%22link_text_color%22%93}&#8220; sticky_enabled=&#8220;0&#8243;]&nbsp;<\/p>\n<p>&nbsp;<\/p>\n<p>&nbsp;<\/p>\n<p>HUBERT Thierry<\/p>\n<p>Technischer Gesch\u00e4ftsf\u00fchrer<\/p>\n<p><a href=\"mailto:avu@breger.lu\">hubert@breger.lu<\/a><\/p>\n<p><span style=\"color: #000000;\">Tel.: <a href=\"tel:+35228119021\">+352 28 11 90-21<\/a><\/span><\/p>\n<p>GSM: <a href=\"tel:+352621318599\">+352 621 318 599<\/a><\/p>\n<p>&nbsp;[\/et_pb_text][\/et_pb_column][\/et_pb_row][et_pb_row column_structure=&#8220;1_4,1_2,1_4&#8243; module_class=&#8220; et_pb_row_fullwidth&#8220; _builder_version=&#8220;4.16&#8243; width=&#8220;89%&#8220; width_tablet=&#8220;80%&#8220; width_phone=&#8220;&#8220; width_last_edited=&#8220;on|desktop&#8220; max_width=&#8220;89%&#8220; max_width_tablet=&#8220;80%&#8220; max_width_phone=&#8220;&#8220; max_width_last_edited=&#8220;on|desktop&#8220; custom_padding=&#8220;36px|0px|29px|0px|false|false&#8220; make_fullwidth=&#8220;on&#8220; global_colors_info=&#8220;{}&#8220;][et_pb_column type=&#8220;1_4&#8243; _builder_version=&#8220;4.16&#8243; custom_padding=&#8220;|||&#8220; global_colors_info=&#8220;{}&#8220; custom_padding__hover=&#8220;|||&#8220;][\/et_pb_column][et_pb_column type=&#8220;1_2&#8243; _builder_version=&#8220;4.16&#8243; custom_padding=&#8220;|||&#8220; global_colors_info=&#8220;{}&#8220; custom_padding__hover=&#8220;|||&#8220;][et_pb_code _builder_version=&#8220;4.20.2&#8243; _module_preset=&#8220;default&#8220; custom_margin=&#8220;||0px||false|false&#8220; custom_padding=&#8220;||0px||false|false&#8220; global_colors_info=&#8220;{}&#8220;]<iframe src=\"https:\/\/www.google.com\/maps\/embed?pb=!1m18!1m12!1m3!1d191.94946411382855!2d6.012111699321256!3d49.66270491936342!2m3!1f0!2f0!3f0!3m2!1i1024!2i768!4f13.1!3m3!1m2!1s0x47954dc7871b157f%3A0xdd084a6c01f83885!2sAVU%20by%20Breger!5e0!3m2!1sen!2slu!4v1681284196434!5m2!1sen!2slu\" width=\"100%\" height=\"450\" style=\"border:0;\" allowfullscreen=\"\" loading=\"lazy\" referrerpolicy=\"no-referrer-when-downgrade\"><\/iframe>[\/et_pb_code][et_pb_text _builder_version=&#8220;4.20.2&#8243; _module_preset=&#8220;default&#8220; text_font_size=&#8220;22px&#8220; text_orientation=&#8220;right&#8220; custom_margin=&#8220;||60px||false|false&#8220; text_font_size_tablet=&#8220;22px&#8220; text_font_size_phone=&#8220;18px&#8220; text_font_size_last_edited=&#8220;on|phone&#8220; global_colors_info=&#8220;{}&#8220;]<\/p>\n<p><strong>49\u00b039&#8217;45.9&#8243;N 6\u00b000&#8217;43.8&#8243;E<\/strong><\/p>\n<p>[\/et_pb_text][\/et_pb_column][et_pb_column type=&#8220;1_4&#8243; _builder_version=&#8220;4.16&#8243; custom_padding=&#8220;|||&#8220; global_colors_info=&#8220;{}&#8220; custom_padding__hover=&#8220;|||&#8220;][\/et_pb_column][\/et_pb_row][et_pb_row column_structure=&#8220;1_3,1_3,1_3&#8243; _builder_version=&#8220;4.16&#8243; custom_padding=&#8220;36px|0px|29px|0px|false|false&#8220; global_colors_info=&#8220;{}&#8220;][et_pb_column type=&#8220;1_3&#8243; _builder_version=&#8220;4.16&#8243; custom_padding=&#8220;|||&#8220; global_colors_info=&#8220;{}&#8220; custom_padding__hover=&#8220;|||&#8220;][et_pb_gallery gallery_ids=&#8220;31096,31097&#8243; _builder_version=&#8220;4.20.2&#8243; global_colors_info=&#8220;{}&#8220;][\/et_pb_gallery][\/et_pb_column][et_pb_column type=&#8220;1_3&#8243; _builder_version=&#8220;4.16&#8243; custom_padding=&#8220;|||&#8220; global_colors_info=&#8220;{}&#8220; custom_padding__hover=&#8220;|||&#8220;][et_pb_gallery gallery_ids=&#8220;31098,31099&#8243; _builder_version=&#8220;4.20.2&#8243; global_colors_info=&#8220;{}&#8220;][\/et_pb_gallery][\/et_pb_column][et_pb_column type=&#8220;1_3&#8243; _builder_version=&#8220;4.16&#8243; custom_padding=&#8220;|||&#8220; global_colors_info=&#8220;{}&#8220; custom_padding__hover=&#8220;|||&#8220;][et_pb_gallery gallery_ids=&#8220;31100,31101&#8243; _builder_version=&#8220;4.20.2&#8243; global_colors_info=&#8220;{}&#8220;][\/et_pb_gallery][\/et_pb_column][\/et_pb_row][\/et_pb_section]<\/p>\n","protected":false},"excerpt":{"rendered":"<p>Kontaktinformationen Kontaktieren Sie uns, um mehr \u00fcber unsere L\u00f6sungen f\u00fcr den Ausbau von Nutzfahrzeugen zu erfahren.A.V.U. By Breger S.\u00e0 r.l 41a, Zone Industrielle Kehlen L-8287 Kehlen Tel.: +352 28 11 90 \u00d6ffnungszeiten: Montag bis Freitag 08:00 &#8211; 12:00 Uhr 13:00 &#8211; 17:00 Uhr Sprachen: &nbsp; &nbsp; &nbsp; IBAN LU83 0024 3100 9461 0500 BIC:BILLLULL USt-IdNr.: [&hellip;]<\/p>\n","protected":false},"author":1,"featured_media":31087,"parent":0,"menu_order":0,"comment_status":"closed","ping_status":"closed","template":"","meta":{"_et_pb_use_builder":"on","_et_pb_old_content":"","_et_gb_content_width":"","footnotes":""},"class_list":["post-31102","page","type-page","status-publish","has-post-thumbnail","hentry"],"yoast_head":"<!-- This site is optimized with the Yoast SEO plugin v27.3 - https:\/\/yoast.com\/product\/yoast-seo-wordpress\/ -->\n<title>Kontaktieren Sie uns | A.V.U. By Breger<\/title>\n<meta name=\"description\" content=\"Kontaktieren Sie uns telefonisch oder per E-Mail und entdecken Sie unsere L\u00f6sungen f\u00fcr den Ausbau von Nutzfahrzeugen.\" \/>\n<meta name=\"robots\" content=\"index, follow, max-snippet:-1, max-image-preview:large, max-video-preview:-1\" \/>\n<link rel=\"canonical\" href=\"https:\/\/avu.lu\/de\/kontakt\/\" \/>\n<meta property=\"og:locale\" content=\"de_DE\" \/>\n<meta property=\"og:type\" content=\"article\" \/>\n<meta property=\"og:title\" content=\"Kontaktieren Sie uns | A.V.U. By Breger\" \/>\n<meta property=\"og:description\" content=\"Kontaktieren Sie uns telefonisch oder per E-Mail und entdecken Sie unsere L\u00f6sungen f\u00fcr den Ausbau von Nutzfahrzeugen.\" \/>\n<meta property=\"og:url\" content=\"https:\/\/avu.lu\/de\/kontakt\/\" \/>\n<meta property=\"og:site_name\" content=\"A.V.U. by Breger S.\u00e0 r.l.\" \/>\n<meta property=\"article:modified_time\" content=\"2026-03-20T13:24:31+00:00\" \/>\n<meta property=\"og:image\" content=\"https:\/\/avu.lu\/wp-content\/uploads\/2019\/07\/kopfzeile.png\" \/>\n\t<meta property=\"og:image:width\" content=\"403\" \/>\n\t<meta property=\"og:image:height\" content=\"403\" \/>\n\t<meta property=\"og:image:type\" content=\"image\/png\" \/>\n<meta name=\"twitter:card\" content=\"summary_large_image\" \/>\n<meta name=\"twitter:label1\" content=\"Gesch\u00e4tzte Lesezeit\" \/>\n\t<meta name=\"twitter:data1\" content=\"4\u00a0Minute\" \/>\n<script type=\"application\/ld+json\" class=\"yoast-schema-graph\">{\"@context\":\"https:\\\/\\\/schema.org\",\"@graph\":[{\"@type\":\"WebPage\",\"@id\":\"https:\\\/\\\/avu.lu\\\/de\\\/kontakt\\\/\",\"url\":\"https:\\\/\\\/avu.lu\\\/de\\\/kontakt\\\/\",\"name\":\"Kontaktieren Sie uns | A.V.U. By Breger\",\"isPartOf\":{\"@id\":\"https:\\\/\\\/avu.lu\\\/de\\\/#website\"},\"primaryImageOfPage\":{\"@id\":\"https:\\\/\\\/avu.lu\\\/de\\\/kontakt\\\/#primaryimage\"},\"image\":{\"@id\":\"https:\\\/\\\/avu.lu\\\/de\\\/kontakt\\\/#primaryimage\"},\"thumbnailUrl\":\"https:\\\/\\\/avu.lu\\\/wp-content\\\/uploads\\\/2019\\\/07\\\/kopfzeile.png\",\"datePublished\":\"2019-09-05T10:13:34+00:00\",\"dateModified\":\"2026-03-20T13:24:31+00:00\",\"description\":\"Kontaktieren Sie uns telefonisch oder per E-Mail und entdecken Sie unsere L\u00f6sungen f\u00fcr den Ausbau von Nutzfahrzeugen.\",\"breadcrumb\":{\"@id\":\"https:\\\/\\\/avu.lu\\\/de\\\/kontakt\\\/#breadcrumb\"},\"inLanguage\":\"de\",\"potentialAction\":[{\"@type\":\"ReadAction\",\"target\":[\"https:\\\/\\\/avu.lu\\\/de\\\/kontakt\\\/\"]}]},{\"@type\":\"ImageObject\",\"inLanguage\":\"de\",\"@id\":\"https:\\\/\\\/avu.lu\\\/de\\\/kontakt\\\/#primaryimage\",\"url\":\"https:\\\/\\\/avu.lu\\\/wp-content\\\/uploads\\\/2019\\\/07\\\/kopfzeile.png\",\"contentUrl\":\"https:\\\/\\\/avu.lu\\\/wp-content\\\/uploads\\\/2019\\\/07\\\/kopfzeile.png\",\"width\":403,\"height\":403},{\"@type\":\"BreadcrumbList\",\"@id\":\"https:\\\/\\\/avu.lu\\\/de\\\/kontakt\\\/#breadcrumb\",\"itemListElement\":[{\"@type\":\"ListItem\",\"position\":1,\"name\":\"Home\",\"item\":\"https:\\\/\\\/avu.lu\\\/de\\\/startseite\\\/\"},{\"@type\":\"ListItem\",\"position\":2,\"name\":\"Kontakt\"}]},{\"@type\":\"WebSite\",\"@id\":\"https:\\\/\\\/avu.lu\\\/de\\\/#website\",\"url\":\"https:\\\/\\\/avu.lu\\\/de\\\/\",\"name\":\"A.V.U. by Breger\",\"description\":\"\",\"publisher\":{\"@id\":\"https:\\\/\\\/avu.lu\\\/de\\\/#organization\"},\"potentialAction\":[{\"@type\":\"SearchAction\",\"target\":{\"@type\":\"EntryPoint\",\"urlTemplate\":\"https:\\\/\\\/avu.lu\\\/de\\\/?s={search_term_string}\"},\"query-input\":{\"@type\":\"PropertyValueSpecification\",\"valueRequired\":true,\"valueName\":\"search_term_string\"}}],\"inLanguage\":\"de\"},{\"@type\":\"Organization\",\"@id\":\"https:\\\/\\\/avu.lu\\\/de\\\/#organization\",\"name\":\"A.V.U. By Breger\",\"url\":\"https:\\\/\\\/avu.lu\\\/de\\\/\",\"logo\":{\"@type\":\"ImageObject\",\"inLanguage\":\"de\",\"@id\":\"https:\\\/\\\/avu.lu\\\/de\\\/#\\\/schema\\\/logo\\\/image\\\/\",\"url\":\"https:\\\/\\\/avu.lu\\\/wp-content\\\/uploads\\\/2019\\\/07\\\/kopfzeile.jpg\",\"contentUrl\":\"https:\\\/\\\/avu.lu\\\/wp-content\\\/uploads\\\/2019\\\/07\\\/kopfzeile.jpg\",\"width\":670,\"height\":298,\"caption\":\"A.V.U. By Breger\"},\"image\":{\"@id\":\"https:\\\/\\\/avu.lu\\\/de\\\/#\\\/schema\\\/logo\\\/image\\\/\"}}]}<\/script>\n<!-- \/ Yoast SEO plugin. -->","yoast_head_json":{"title":"Kontaktieren Sie uns | A.V.U. By Breger","description":"Kontaktieren Sie uns telefonisch oder per E-Mail und entdecken Sie unsere L\u00f6sungen f\u00fcr den Ausbau von Nutzfahrzeugen.","robots":{"index":"index","follow":"follow","max-snippet":"max-snippet:-1","max-image-preview":"max-image-preview:large","max-video-preview":"max-video-preview:-1"},"canonical":"https:\/\/avu.lu\/de\/kontakt\/","og_locale":"de_DE","og_type":"article","og_title":"Kontaktieren Sie uns | A.V.U. By Breger","og_description":"Kontaktieren Sie uns telefonisch oder per E-Mail und entdecken Sie unsere L\u00f6sungen f\u00fcr den Ausbau von Nutzfahrzeugen.","og_url":"https:\/\/avu.lu\/de\/kontakt\/","og_site_name":"A.V.U. by Breger S.\u00e0 r.l.","article_modified_time":"2026-03-20T13:24:31+00:00","og_image":[{"width":403,"height":403,"url":"https:\/\/avu.lu\/wp-content\/uploads\/2019\/07\/kopfzeile.png","type":"image\/png"}],"twitter_card":"summary_large_image","twitter_misc":{"Gesch\u00e4tzte Lesezeit":"4\u00a0Minute"},"schema":{"@context":"https:\/\/schema.org","@graph":[{"@type":"WebPage","@id":"https:\/\/avu.lu\/de\/kontakt\/","url":"https:\/\/avu.lu\/de\/kontakt\/","name":"Kontaktieren Sie uns | A.V.U. By Breger","isPartOf":{"@id":"https:\/\/avu.lu\/de\/#website"},"primaryImageOfPage":{"@id":"https:\/\/avu.lu\/de\/kontakt\/#primaryimage"},"image":{"@id":"https:\/\/avu.lu\/de\/kontakt\/#primaryimage"},"thumbnailUrl":"https:\/\/avu.lu\/wp-content\/uploads\/2019\/07\/kopfzeile.png","datePublished":"2019-09-05T10:13:34+00:00","dateModified":"2026-03-20T13:24:31+00:00","description":"Kontaktieren Sie uns telefonisch oder per E-Mail und entdecken Sie unsere L\u00f6sungen f\u00fcr den Ausbau von Nutzfahrzeugen.","breadcrumb":{"@id":"https:\/\/avu.lu\/de\/kontakt\/#breadcrumb"},"inLanguage":"de","potentialAction":[{"@type":"ReadAction","target":["https:\/\/avu.lu\/de\/kontakt\/"]}]},{"@type":"ImageObject","inLanguage":"de","@id":"https:\/\/avu.lu\/de\/kontakt\/#primaryimage","url":"https:\/\/avu.lu\/wp-content\/uploads\/2019\/07\/kopfzeile.png","contentUrl":"https:\/\/avu.lu\/wp-content\/uploads\/2019\/07\/kopfzeile.png","width":403,"height":403},{"@type":"BreadcrumbList","@id":"https:\/\/avu.lu\/de\/kontakt\/#breadcrumb","itemListElement":[{"@type":"ListItem","position":1,"name":"Home","item":"https:\/\/avu.lu\/de\/startseite\/"},{"@type":"ListItem","position":2,"name":"Kontakt"}]},{"@type":"WebSite","@id":"https:\/\/avu.lu\/de\/#website","url":"https:\/\/avu.lu\/de\/","name":"A.V.U. by Breger","description":"","publisher":{"@id":"https:\/\/avu.lu\/de\/#organization"},"potentialAction":[{"@type":"SearchAction","target":{"@type":"EntryPoint","urlTemplate":"https:\/\/avu.lu\/de\/?s={search_term_string}"},"query-input":{"@type":"PropertyValueSpecification","valueRequired":true,"valueName":"search_term_string"}}],"inLanguage":"de"},{"@type":"Organization","@id":"https:\/\/avu.lu\/de\/#organization","name":"A.V.U. By Breger","url":"https:\/\/avu.lu\/de\/","logo":{"@type":"ImageObject","inLanguage":"de","@id":"https:\/\/avu.lu\/de\/#\/schema\/logo\/image\/","url":"https:\/\/avu.lu\/wp-content\/uploads\/2019\/07\/kopfzeile.jpg","contentUrl":"https:\/\/avu.lu\/wp-content\/uploads\/2019\/07\/kopfzeile.jpg","width":670,"height":298,"caption":"A.V.U. By Breger"},"image":{"@id":"https:\/\/avu.lu\/de\/#\/schema\/logo\/image\/"}}]}},"_links":{"self":[{"href":"https:\/\/avu.lu\/de\/wp-json\/wp\/v2\/pages\/31102","targetHints":{"allow":["GET"]}}],"collection":[{"href":"https:\/\/avu.lu\/de\/wp-json\/wp\/v2\/pages"}],"about":[{"href":"https:\/\/avu.lu\/de\/wp-json\/wp\/v2\/types\/page"}],"author":[{"embeddable":true,"href":"https:\/\/avu.lu\/de\/wp-json\/wp\/v2\/users\/1"}],"replies":[{"embeddable":true,"href":"https:\/\/avu.lu\/de\/wp-json\/wp\/v2\/comments?post=31102"}],"version-history":[{"count":10,"href":"https:\/\/avu.lu\/de\/wp-json\/wp\/v2\/pages\/31102\/revisions"}],"predecessor-version":[{"id":31502,"href":"https:\/\/avu.lu\/de\/wp-json\/wp\/v2\/pages\/31102\/revisions\/31502"}],"wp:featuredmedia":[{"embeddable":true,"href":"https:\/\/avu.lu\/de\/wp-json\/wp\/v2\/media\/31087"}],"wp:attachment":[{"href":"https:\/\/avu.lu\/de\/wp-json\/wp\/v2\/media?parent=31102"}],"curies":[{"name":"wp","href":"https:\/\/api.w.org\/{rel}","templated":true}]}}