{"id":31153,"date":"2019-09-05T13:00:48","date_gmt":"2019-09-05T11:00:48","guid":{"rendered":"https:\/\/avu.lu\/startseite\/"},"modified":"2026-02-24T13:21:03","modified_gmt":"2026-02-24T12:21:03","slug":"startseite","status":"publish","type":"page","link":"https:\/\/avu.lu\/de\/","title":{"rendered":"Startseite"},"content":{"rendered":"<p>[et_pb_section fb_built=&#8220;1&#8243; _builder_version=&#8220;4.16&#8243; global_colors_info=&#8220;{}&#8220;][et_pb_row _builder_version=&#8220;4.16&#8243; global_colors_info=&#8220;{}&#8220;][et_pb_column type=&#8220;4_4&#8243; _builder_version=&#8220;4.16&#8243; custom_padding=&#8220;|||&#8220; global_colors_info=&#8220;{}&#8220; custom_padding__hover=&#8220;|||&#8220;][et_pb_text module_id=&#8220;#promotion&#8220; _builder_version=&#8220;4.16&#8243; header_font=&#8220;|700|||||||&#8220; header_text_color=&#8220;#0069b3&#8243; header_font_size=&#8220;50px&#8220; header_2_text_color=&#8220;rgba(2,0,0,0.58)&#8220; header_2_font_size=&#8220;24px&#8220; header_2_line_height=&#8220;1.5em&#8220; header_font_size_tablet=&#8220;36px&#8220; header_font_size_phone=&#8220;28px&#8220; header_font_size_last_edited=&#8220;on|phone&#8220; header_2_font_size_tablet=&#8220;22px&#8220; header_2_font_size_phone=&#8220;18px&#8220; header_2_font_size_last_edited=&#8220;on|desktop&#8220; global_colors_info=&#8220;{}&#8220;]<\/p>\n<h1>A.V.U. by Breger<\/h1>\n<h2>Spezialist f\u00fcr den Ausbau von Nutzfahrzeugen in Luxemburg<\/h2>\n<p>[\/et_pb_text][et_pb_text disabled_on=&#8220;on|on|on&#8220; module_id=&#8220;#promotion&#8220; _builder_version=&#8220;4.16&#8243; header_font=&#8220;|700|||||||&#8220; header_text_color=&#8220;#0069b3&#8243; header_font_size=&#8220;50px&#8220; header_2_text_color=&#8220;rgba(2,0,0,0.58)&#8220; header_2_font_size=&#8220;24px&#8220; header_2_line_height=&#8220;1.5em&#8220; background_image=&#8220;https:\/\/avu.lu\/wp-content\/uploads\/2022\/08\/6000010877-L-BOXX-136-G4-002.png&#8220; min_height=&#8220;1056px&#8220; header_font_size_tablet=&#8220;36px&#8220; header_font_size_phone=&#8220;28px&#8220; header_font_size_last_edited=&#8220;on|phone&#8220; header_2_font_size_tablet=&#8220;22px&#8220; header_2_font_size_phone=&#8220;18px&#8220; header_2_font_size_last_edited=&#8220;on|desktop&#8220; disabled=&#8220;on&#8220; global_colors_info=&#8220;{}&#8220;]<\/p>\n<h1>Monatsaktion L-Boxx 136 G4<\/h1>\n<h1>50 \u20ac inkl. MwSt.<\/h1>\n<h5>statt 67,28 \u20ac inkl. MwSt., solange der Vorrat reicht<\/h5>\n<p>&nbsp;<\/p>\n<h2><\/h2>\n<p>[\/et_pb_text][et_pb_text disabled_on=&#8220;on|on|on&#8220; module_id=&#8220;#promotion&#8220; _builder_version=&#8220;4.27.5&#8243; header_font=&#8220;|700|||||||&#8220; header_text_color=&#8220;#0069b3&#8243; header_font_size=&#8220;50px&#8220; header_2_text_color=&#8220;rgba(2,0,0,0.58)&#8220; header_2_font_size=&#8220;24px&#8220; header_2_line_height=&#8220;1.5em&#8220; hover_enabled=&#8220;0&#8243; header_font_size_tablet=&#8220;36px&#8220; header_font_size_phone=&#8220;28px&#8220; header_font_size_last_edited=&#8220;on|phone&#8220; header_2_font_size_tablet=&#8220;22px&#8220; header_2_font_size_phone=&#8220;18px&#8220; header_2_font_size_last_edited=&#8220;on|desktop&#8220; global_colors_info=&#8220;{}&#8220; disabled=&#8220;on&#8220; sticky_enabled=&#8220;0&#8243;]<\/p>\n<h1>Wir haben bis zum 03. Januar geschlossen, <span style=\"font-size: xx-large;\">das gesamte A.V.U.-Team w\u00fcnscht Ihnen frohe Feiertage<\/span><\/h1>\n<p><span style=\"font-size: xx-large;\"> <\/span><\/p>\n<h2> Wir haben bis zum 03. Januar geschlossen, das gesamte Team von A.V.U. w\u00fcnscht Ihnen sch\u00f6ne Feiertage.<\/h2>\n<p>[\/et_pb_text][et_pb_slider _builder_version=&#8220;4.16&#8243; header_font=&#8220;||||||||&#8220; body_font=&#8220;||||||||&#8220; background_repeat=&#8220;repeat&#8220; height=&#8220;550px&#8220; height_tablet=&#8220;400px&#8220; height_phone=&#8220;300px&#8220; height_last_edited=&#8220;on|phone&#8220; auto=&#8220;on&#8220; auto_speed=&#8220;3000&#8243; global_colors_info=&#8220;{}&#8220; button_text_size__hover_enabled=&#8220;off&#8220; button_one_text_size__hover_enabled=&#8220;off&#8220; button_two_text_size__hover_enabled=&#8220;off&#8220; button_text_color__hover_enabled=&#8220;off&#8220; button_one_text_color__hover_enabled=&#8220;off&#8220; button_two_text_color__hover_enabled=&#8220;off&#8220; button_border_width__hover_enabled=&#8220;off&#8220; button_one_border_width__hover_enabled=&#8220;off&#8220; button_two_border_width__hover_enabled=&#8220;off&#8220; button_border_color__hover_enabled=&#8220;off&#8220; button_one_border_color__hover_enabled=&#8220;off&#8220; button_two_border_color__hover_enabled=&#8220;off&#8220; button_border_radius__hover_enabled=&#8220;off&#8220; button_one_border_radius__hover_enabled=&#8220;off&#8220; button_two_border_radius__hover_enabled=&#8220;off&#8220; button_letter_spacing__hover_enabled=&#8220;off&#8220; button_one_letter_spacing__hover_enabled=&#8220;off&#8220; button_two_letter_spacing__hover_enabled=&#8220;off&#8220; button_bg_color__hover_enabled=&#8220;off&#8220; button_one_bg_color__hover_enabled=&#8220;off&#8220; button_two_bg_color__hover_enabled=&#8220;off&#8220;][et_pb_slide _builder_version=&#8220;4.16&#8243; header_level=&#8220;h3&#8243; header_font_size=&#8220;46px&#8220; background_image=&#8220;https:\/\/avu.lu\/wp-content\/uploads\/2020\/11\/DSC_1927-scaled.jpg&#8220; background_repeat=&#8220;repeat&#8220; global_colors_info=&#8220;{}&#8220; button_text_size__hover_enabled=&#8220;off&#8220; button_one_text_size__hover_enabled=&#8220;off&#8220; button_two_text_size__hover_enabled=&#8220;off&#8220; button_text_color__hover_enabled=&#8220;off&#8220; button_one_text_color__hover_enabled=&#8220;off&#8220; button_two_text_color__hover_enabled=&#8220;off&#8220; button_border_width__hover_enabled=&#8220;off&#8220; button_one_border_width__hover_enabled=&#8220;off&#8220; button_two_border_width__hover_enabled=&#8220;off&#8220; button_border_color__hover_enabled=&#8220;off&#8220; button_one_border_color__hover_enabled=&#8220;off&#8220; button_two_border_color__hover_enabled=&#8220;off&#8220; button_border_radius__hover_enabled=&#8220;off&#8220; button_one_border_radius__hover_enabled=&#8220;off&#8220; button_two_border_radius__hover_enabled=&#8220;off&#8220; button_letter_spacing__hover_enabled=&#8220;off&#8220; button_one_letter_spacing__hover_enabled=&#8220;off&#8220; button_two_letter_spacing__hover_enabled=&#8220;off&#8220; button_bg_color__hover_enabled=&#8220;off&#8220; button_one_bg_color__hover_enabled=&#8220;off&#8220; button_two_bg_color__hover_enabled=&#8220;off&#8220; sticky_transition=&#8220;on&#8220;]<\/p>\n<h3><i>Personalisiertes Angebot<\/i><\/h3>\n<p>[\/et_pb_slide][et_pb_slide _builder_version=&#8220;4.16&#8243; background_image=&#8220;https:\/\/avu.lu\/wp-content\/uploads\/2020\/11\/20200401_083227-scaled.jpg&#8220; background_repeat=&#8220;repeat&#8220; global_colors_info=&#8220;{}&#8220; button_text_size__hover_enabled=&#8220;off&#8220; button_one_text_size__hover_enabled=&#8220;off&#8220; button_two_text_size__hover_enabled=&#8220;off&#8220; button_text_color__hover_enabled=&#8220;off&#8220; button_one_text_color__hover_enabled=&#8220;off&#8220; button_two_text_color__hover_enabled=&#8220;off&#8220; button_border_width__hover_enabled=&#8220;off&#8220; button_one_border_width__hover_enabled=&#8220;off&#8220; button_two_border_width__hover_enabled=&#8220;off&#8220; button_border_color__hover_enabled=&#8220;off&#8220; button_one_border_color__hover_enabled=&#8220;off&#8220; button_two_border_color__hover_enabled=&#8220;off&#8220; button_border_radius__hover_enabled=&#8220;off&#8220; button_one_border_radius__hover_enabled=&#8220;off&#8220; button_two_border_radius__hover_enabled=&#8220;off&#8220; button_letter_spacing__hover_enabled=&#8220;off&#8220; button_one_letter_spacing__hover_enabled=&#8220;off&#8220; button_two_letter_spacing__hover_enabled=&#8220;off&#8220; button_bg_color__hover_enabled=&#8220;off&#8220; button_one_bg_color__hover_enabled=&#8220;off&#8220; button_two_bg_color__hover_enabled=&#8220;off&#8220; sticky_transition=&#8220;on&#8220;]<\/p>\n<h3><em>Nutzfahrzeugeinrichtungen<\/em><\/h3>\n<p>[\/et_pb_slide][et_pb_slide _builder_version=&#8220;4.16&#8243; background_image=&#8220;https:\/\/avu.lu\/wp-content\/uploads\/2020\/11\/20200401_085804-scaled.jpg&#8220; background_repeat=&#8220;repeat&#8220; global_colors_info=&#8220;{}&#8220; button_text_size__hover_enabled=&#8220;off&#8220; button_one_text_size__hover_enabled=&#8220;off&#8220; button_two_text_size__hover_enabled=&#8220;off&#8220; button_text_color__hover_enabled=&#8220;off&#8220; button_one_text_color__hover_enabled=&#8220;off&#8220; button_two_text_color__hover_enabled=&#8220;off&#8220; button_border_width__hover_enabled=&#8220;off&#8220; button_one_border_width__hover_enabled=&#8220;off&#8220; button_two_border_width__hover_enabled=&#8220;off&#8220; button_border_color__hover_enabled=&#8220;off&#8220; button_one_border_color__hover_enabled=&#8220;off&#8220; button_two_border_color__hover_enabled=&#8220;off&#8220; button_border_radius__hover_enabled=&#8220;off&#8220; button_one_border_radius__hover_enabled=&#8220;off&#8220; button_two_border_radius__hover_enabled=&#8220;off&#8220; button_letter_spacing__hover_enabled=&#8220;off&#8220; button_one_letter_spacing__hover_enabled=&#8220;off&#8220; button_two_letter_spacing__hover_enabled=&#8220;off&#8220; button_bg_color__hover_enabled=&#8220;off&#8220; button_one_bg_color__hover_enabled=&#8220;off&#8220; button_two_bg_color__hover_enabled=&#8220;off&#8220; sticky_transition=&#8220;on&#8220;]<\/p>\n<h3><i>Modulare Aufbewahrungsl\u00f6sung<\/i><\/h3>\n<p>[\/et_pb_slide][et_pb_slide _builder_version=&#8220;4.16&#8243; background_image=&#8220;https:\/\/avu.lu\/wp-content\/uploads\/2020\/11\/20200401_113508-scaled.jpg&#8220; background_repeat=&#8220;repeat&#8220; global_colors_info=&#8220;{}&#8220; button_text_size__hover_enabled=&#8220;off&#8220; button_one_text_size__hover_enabled=&#8220;off&#8220; button_two_text_size__hover_enabled=&#8220;off&#8220; button_text_color__hover_enabled=&#8220;off&#8220; button_one_text_color__hover_enabled=&#8220;off&#8220; button_two_text_color__hover_enabled=&#8220;off&#8220; button_border_width__hover_enabled=&#8220;off&#8220; button_one_border_width__hover_enabled=&#8220;off&#8220; button_two_border_width__hover_enabled=&#8220;off&#8220; button_border_color__hover_enabled=&#8220;off&#8220; button_one_border_color__hover_enabled=&#8220;off&#8220; button_two_border_color__hover_enabled=&#8220;off&#8220; button_border_radius__hover_enabled=&#8220;off&#8220; button_one_border_radius__hover_enabled=&#8220;off&#8220; button_two_border_radius__hover_enabled=&#8220;off&#8220; button_letter_spacing__hover_enabled=&#8220;off&#8220; button_one_letter_spacing__hover_enabled=&#8220;off&#8220; button_two_letter_spacing__hover_enabled=&#8220;off&#8220; button_bg_color__hover_enabled=&#8220;off&#8220; button_one_bg_color__hover_enabled=&#8220;off&#8220; button_two_bg_color__hover_enabled=&#8220;off&#8220; sticky_transition=&#8220;on&#8220;]<\/p>\n<h3><i>Optimierung des Laderaums<\/i><\/h3>\n<p>[\/et_pb_slide][et_pb_slide _builder_version=&#8220;4.16&#8243; background_image=&#8220;https:\/\/avu.lu\/wp-content\/uploads\/2020\/11\/20200402_141943-1-scaled.jpg&#8220; background_repeat=&#8220;repeat&#8220; global_colors_info=&#8220;{}&#8220; button_text_size__hover_enabled=&#8220;off&#8220; button_one_text_size__hover_enabled=&#8220;off&#8220; button_two_text_size__hover_enabled=&#8220;off&#8220; button_text_color__hover_enabled=&#8220;off&#8220; button_one_text_color__hover_enabled=&#8220;off&#8220; button_two_text_color__hover_enabled=&#8220;off&#8220; button_border_width__hover_enabled=&#8220;off&#8220; button_one_border_width__hover_enabled=&#8220;off&#8220; button_two_border_width__hover_enabled=&#8220;off&#8220; button_border_color__hover_enabled=&#8220;off&#8220; button_one_border_color__hover_enabled=&#8220;off&#8220; button_two_border_color__hover_enabled=&#8220;off&#8220; button_border_radius__hover_enabled=&#8220;off&#8220; button_one_border_radius__hover_enabled=&#8220;off&#8220; button_two_border_radius__hover_enabled=&#8220;off&#8220; button_letter_spacing__hover_enabled=&#8220;off&#8220; button_one_letter_spacing__hover_enabled=&#8220;off&#8220; button_two_letter_spacing__hover_enabled=&#8220;off&#8220; button_bg_color__hover_enabled=&#8220;off&#8220; button_one_bg_color__hover_enabled=&#8220;off&#8220; button_two_bg_color__hover_enabled=&#8220;off&#8220; sticky_transition=&#8220;on&#8220;]<\/p>\n<h3><i>Werkzeuge griffbereit verstaut<\/i><\/h3>\n<p>[\/et_pb_slide][\/et_pb_slider][et_pb_image src=&#8220;https:\/\/avu.lu\/wp-content\/uploads\/2020\/11\/Sortimo-Langgutwanne.jpg&#8220; title_text=&#8220;Sortimo Langgutwanne&#8220; force_fullwidth=&#8220;on&#8220; _builder_version=&#8220;4.16&#8243; _module_preset=&#8220;default&#8220; global_colors_info=&#8220;{}&#8220;][\/et_pb_image][\/et_pb_column][\/et_pb_row][\/et_pb_section]<\/p>\n","protected":false},"excerpt":{"rendered":"<p>A.V.U. by Breger Spezialist f\u00fcr den Ausbau von Nutzfahrzeugen in LuxemburgMonatsaktion L-Boxx 136 G4 50 \u20ac inkl. MwSt. statt 67,28 \u20ac inkl. MwSt., solange der Vorrat reicht &nbsp; Wir haben bis zum 03. Januar geschlossen, das gesamte A.V.U.-Team w\u00fcnscht Ihnen frohe Feiertage Wir haben bis zum 03. Januar geschlossen, das gesamte Team von A.V.U. w\u00fcnscht [&hellip;]<\/p>\n","protected":false},"author":1,"featured_media":31087,"parent":0,"menu_order":0,"comment_status":"closed","ping_status":"closed","template":"","meta":{"_et_pb_use_builder":"on","_et_pb_old_content":"","_et_gb_content_width":"","footnotes":""},"class_list":["post-31153","page","type-page","status-publish","has-post-thumbnail","hentry"],"yoast_head":"<!-- This site is optimized with the Yoast SEO plugin v27.5 - https:\/\/yoast.com\/product\/yoast-seo-wordpress\/ -->\n<title>Spezialist f\u00fcr Nutzfahrzeugeinrichtungen | A.V.U. By Breger<\/title>\n<meta name=\"description\" content=\"Ma\u00dfgeschneiderte Einrichtungsl\u00f6sungen f\u00fcr Nutzfahrzeuge f\u00fcr Profis in Luxemburg | Wir bauen Transporter aller Marken um\" \/>\n<meta name=\"robots\" content=\"index, follow, max-snippet:-1, max-image-preview:large, max-video-preview:-1\" \/>\n<link rel=\"canonical\" href=\"https:\/\/avu.lu\/de\/\" \/>\n<meta property=\"og:locale\" content=\"de_DE\" \/>\n<meta property=\"og:type\" content=\"article\" \/>\n<meta property=\"og:title\" content=\"Spezialist f\u00fcr Nutzfahrzeugeinrichtungen | A.V.U. By Breger\" \/>\n<meta property=\"og:description\" content=\"Ma\u00dfgeschneiderte Einrichtungsl\u00f6sungen f\u00fcr Nutzfahrzeuge f\u00fcr Profis in Luxemburg | Wir bauen Transporter aller Marken um\" \/>\n<meta property=\"og:url\" content=\"https:\/\/avu.lu\/de\/\" \/>\n<meta property=\"og:site_name\" content=\"A.V.U. by Breger S.\u00e0 r.l.\" \/>\n<meta property=\"article:modified_time\" content=\"2026-02-24T12:21:03+00:00\" \/>\n<meta property=\"og:image\" content=\"https:\/\/avu.lu\/wp-content\/uploads\/2019\/07\/kopfzeile.png\" \/>\n\t<meta property=\"og:image:width\" content=\"403\" \/>\n\t<meta property=\"og:image:height\" content=\"403\" \/>\n\t<meta property=\"og:image:type\" content=\"image\/png\" \/>\n<meta name=\"twitter:card\" content=\"summary_large_image\" \/>\n<meta name=\"twitter:label1\" content=\"Gesch\u00e4tzte Lesezeit\" \/>\n\t<meta name=\"twitter:data1\" content=\"7\u00a0Minute\" \/>\n<script type=\"application\/ld+json\" class=\"yoast-schema-graph\">{\"@context\":\"https:\\\/\\\/schema.org\",\"@graph\":[{\"@type\":\"WebPage\",\"@id\":\"https:\\\/\\\/avu.lu\\\/de\\\/\",\"url\":\"https:\\\/\\\/avu.lu\\\/de\\\/\",\"name\":\"Spezialist f\u00fcr Nutzfahrzeugeinrichtungen | A.V.U. By Breger\",\"isPartOf\":{\"@id\":\"https:\\\/\\\/avu.lu\\\/de\\\/#website\"},\"primaryImageOfPage\":{\"@id\":\"https:\\\/\\\/avu.lu\\\/de\\\/#primaryimage\"},\"image\":{\"@id\":\"https:\\\/\\\/avu.lu\\\/de\\\/#primaryimage\"},\"thumbnailUrl\":\"https:\\\/\\\/avu.lu\\\/wp-content\\\/uploads\\\/2019\\\/07\\\/kopfzeile.png\",\"datePublished\":\"2019-09-05T11:00:48+00:00\",\"dateModified\":\"2026-02-24T12:21:03+00:00\",\"description\":\"Ma\u00dfgeschneiderte Einrichtungsl\u00f6sungen f\u00fcr Nutzfahrzeuge f\u00fcr Profis in Luxemburg | Wir bauen Transporter aller Marken um\",\"breadcrumb\":{\"@id\":\"https:\\\/\\\/avu.lu\\\/de\\\/#breadcrumb\"},\"inLanguage\":\"de\",\"potentialAction\":[{\"@type\":\"ReadAction\",\"target\":[\"https:\\\/\\\/avu.lu\\\/de\\\/\"]}]},{\"@type\":\"ImageObject\",\"inLanguage\":\"de\",\"@id\":\"https:\\\/\\\/avu.lu\\\/de\\\/#primaryimage\",\"url\":\"https:\\\/\\\/avu.lu\\\/wp-content\\\/uploads\\\/2019\\\/07\\\/kopfzeile.png\",\"contentUrl\":\"https:\\\/\\\/avu.lu\\\/wp-content\\\/uploads\\\/2019\\\/07\\\/kopfzeile.png\",\"width\":403,\"height\":403},{\"@type\":\"BreadcrumbList\",\"@id\":\"https:\\\/\\\/avu.lu\\\/de\\\/#breadcrumb\",\"itemListElement\":[{\"@type\":\"ListItem\",\"position\":1,\"name\":\"Home\",\"item\":\"https:\\\/\\\/avu.lu\\\/de\\\/startseite\\\/\"},{\"@type\":\"ListItem\",\"position\":2,\"name\":\"Startseite\"}]},{\"@type\":\"WebSite\",\"@id\":\"https:\\\/\\\/avu.lu\\\/de\\\/#website\",\"url\":\"https:\\\/\\\/avu.lu\\\/de\\\/\",\"name\":\"A.V.U. by Breger\",\"description\":\"\",\"publisher\":{\"@id\":\"https:\\\/\\\/avu.lu\\\/de\\\/#organization\"},\"potentialAction\":[{\"@type\":\"SearchAction\",\"target\":{\"@type\":\"EntryPoint\",\"urlTemplate\":\"https:\\\/\\\/avu.lu\\\/de\\\/?s={search_term_string}\"},\"query-input\":{\"@type\":\"PropertyValueSpecification\",\"valueRequired\":true,\"valueName\":\"search_term_string\"}}],\"inLanguage\":\"de\"},{\"@type\":\"Organization\",\"@id\":\"https:\\\/\\\/avu.lu\\\/de\\\/#organization\",\"name\":\"A.V.U. By Breger\",\"url\":\"https:\\\/\\\/avu.lu\\\/de\\\/\",\"logo\":{\"@type\":\"ImageObject\",\"inLanguage\":\"de\",\"@id\":\"https:\\\/\\\/avu.lu\\\/de\\\/#\\\/schema\\\/logo\\\/image\\\/\",\"url\":\"https:\\\/\\\/avu.lu\\\/wp-content\\\/uploads\\\/2019\\\/07\\\/kopfzeile.jpg\",\"contentUrl\":\"https:\\\/\\\/avu.lu\\\/wp-content\\\/uploads\\\/2019\\\/07\\\/kopfzeile.jpg\",\"width\":670,\"height\":298,\"caption\":\"A.V.U. By Breger\"},\"image\":{\"@id\":\"https:\\\/\\\/avu.lu\\\/de\\\/#\\\/schema\\\/logo\\\/image\\\/\"}}]}<\/script>\n<!-- \/ Yoast SEO plugin. -->","yoast_head_json":{"title":"Spezialist f\u00fcr Nutzfahrzeugeinrichtungen | A.V.U. By Breger","description":"Ma\u00dfgeschneiderte Einrichtungsl\u00f6sungen f\u00fcr Nutzfahrzeuge f\u00fcr Profis in Luxemburg | Wir bauen Transporter aller Marken um","robots":{"index":"index","follow":"follow","max-snippet":"max-snippet:-1","max-image-preview":"max-image-preview:large","max-video-preview":"max-video-preview:-1"},"canonical":"https:\/\/avu.lu\/de\/","og_locale":"de_DE","og_type":"article","og_title":"Spezialist f\u00fcr Nutzfahrzeugeinrichtungen | A.V.U. By Breger","og_description":"Ma\u00dfgeschneiderte Einrichtungsl\u00f6sungen f\u00fcr Nutzfahrzeuge f\u00fcr Profis in Luxemburg | Wir bauen Transporter aller Marken um","og_url":"https:\/\/avu.lu\/de\/","og_site_name":"A.V.U. by Breger S.\u00e0 r.l.","article_modified_time":"2026-02-24T12:21:03+00:00","og_image":[{"width":403,"height":403,"url":"https:\/\/avu.lu\/wp-content\/uploads\/2019\/07\/kopfzeile.png","type":"image\/png"}],"twitter_card":"summary_large_image","twitter_misc":{"Gesch\u00e4tzte Lesezeit":"7\u00a0Minute"},"schema":{"@context":"https:\/\/schema.org","@graph":[{"@type":"WebPage","@id":"https:\/\/avu.lu\/de\/","url":"https:\/\/avu.lu\/de\/","name":"Spezialist f\u00fcr Nutzfahrzeugeinrichtungen | A.V.U. By Breger","isPartOf":{"@id":"https:\/\/avu.lu\/de\/#website"},"primaryImageOfPage":{"@id":"https:\/\/avu.lu\/de\/#primaryimage"},"image":{"@id":"https:\/\/avu.lu\/de\/#primaryimage"},"thumbnailUrl":"https:\/\/avu.lu\/wp-content\/uploads\/2019\/07\/kopfzeile.png","datePublished":"2019-09-05T11:00:48+00:00","dateModified":"2026-02-24T12:21:03+00:00","description":"Ma\u00dfgeschneiderte Einrichtungsl\u00f6sungen f\u00fcr Nutzfahrzeuge f\u00fcr Profis in Luxemburg | Wir bauen Transporter aller Marken um","breadcrumb":{"@id":"https:\/\/avu.lu\/de\/#breadcrumb"},"inLanguage":"de","potentialAction":[{"@type":"ReadAction","target":["https:\/\/avu.lu\/de\/"]}]},{"@type":"ImageObject","inLanguage":"de","@id":"https:\/\/avu.lu\/de\/#primaryimage","url":"https:\/\/avu.lu\/wp-content\/uploads\/2019\/07\/kopfzeile.png","contentUrl":"https:\/\/avu.lu\/wp-content\/uploads\/2019\/07\/kopfzeile.png","width":403,"height":403},{"@type":"BreadcrumbList","@id":"https:\/\/avu.lu\/de\/#breadcrumb","itemListElement":[{"@type":"ListItem","position":1,"name":"Home","item":"https:\/\/avu.lu\/de\/startseite\/"},{"@type":"ListItem","position":2,"name":"Startseite"}]},{"@type":"WebSite","@id":"https:\/\/avu.lu\/de\/#website","url":"https:\/\/avu.lu\/de\/","name":"A.V.U. by Breger","description":"","publisher":{"@id":"https:\/\/avu.lu\/de\/#organization"},"potentialAction":[{"@type":"SearchAction","target":{"@type":"EntryPoint","urlTemplate":"https:\/\/avu.lu\/de\/?s={search_term_string}"},"query-input":{"@type":"PropertyValueSpecification","valueRequired":true,"valueName":"search_term_string"}}],"inLanguage":"de"},{"@type":"Organization","@id":"https:\/\/avu.lu\/de\/#organization","name":"A.V.U. By Breger","url":"https:\/\/avu.lu\/de\/","logo":{"@type":"ImageObject","inLanguage":"de","@id":"https:\/\/avu.lu\/de\/#\/schema\/logo\/image\/","url":"https:\/\/avu.lu\/wp-content\/uploads\/2019\/07\/kopfzeile.jpg","contentUrl":"https:\/\/avu.lu\/wp-content\/uploads\/2019\/07\/kopfzeile.jpg","width":670,"height":298,"caption":"A.V.U. By Breger"},"image":{"@id":"https:\/\/avu.lu\/de\/#\/schema\/logo\/image\/"}}]}},"_links":{"self":[{"href":"https:\/\/avu.lu\/de\/wp-json\/wp\/v2\/pages\/31153","targetHints":{"allow":["GET"]}}],"collection":[{"href":"https:\/\/avu.lu\/de\/wp-json\/wp\/v2\/pages"}],"about":[{"href":"https:\/\/avu.lu\/de\/wp-json\/wp\/v2\/types\/page"}],"author":[{"embeddable":true,"href":"https:\/\/avu.lu\/de\/wp-json\/wp\/v2\/users\/1"}],"replies":[{"embeddable":true,"href":"https:\/\/avu.lu\/de\/wp-json\/wp\/v2\/comments?post=31153"}],"version-history":[{"count":3,"href":"https:\/\/avu.lu\/de\/wp-json\/wp\/v2\/pages\/31153\/revisions"}],"predecessor-version":[{"id":31410,"href":"https:\/\/avu.lu\/de\/wp-json\/wp\/v2\/pages\/31153\/revisions\/31410"}],"wp:featuredmedia":[{"embeddable":true,"href":"https:\/\/avu.lu\/de\/wp-json\/wp\/v2\/media\/31087"}],"wp:attachment":[{"href":"https:\/\/avu.lu\/de\/wp-json\/wp\/v2\/media?parent=31153"}],"curies":[{"name":"wp","href":"https:\/\/api.w.org\/{rel}","templated":true}]}}