{"id":31166,"date":"2019-09-05T13:36:19","date_gmt":"2019-09-05T11:36:19","guid":{"rendered":"https:\/\/avu.lu\/partner\/"},"modified":"2026-02-06T15:37:45","modified_gmt":"2026-02-06T14:37:45","slug":"partner","status":"publish","type":"page","link":"https:\/\/avu.lu\/de\/partner\/","title":{"rendered":"Partner"},"content":{"rendered":"<p>[et_pb_section fb_built=&#8220;1&#8243; _builder_version=&#8220;4.16&#8243; custom_padding=&#8220;||0px||false|false&#8220; global_colors_info=&#8220;{}&#8220;][et_pb_row _builder_version=&#8220;4.16&#8243; global_colors_info=&#8220;{}&#8220;][et_pb_column type=&#8220;4_4&#8243; _builder_version=&#8220;4.16&#8243; custom_padding=&#8220;|||&#8220; global_colors_info=&#8220;{}&#8220; custom_padding__hover=&#8220;|||&#8220;][et_pb_text module_id=&#8220;#promotion&#8220; _builder_version=&#8220;4.16&#8243; header_font=&#8220;|700|||||||&#8220; header_text_color=&#8220;#0069b3&#8243; header_font_size=&#8220;50px&#8220; header_2_text_color=&#8220;rgba(2,0,0,0.58)&#8220; header_2_font_size=&#8220;24px&#8220; header_2_line_height=&#8220;1.5em&#8220; header_font_size_tablet=&#8220;36px&#8220; header_font_size_phone=&#8220;28px&#8220; header_font_size_last_edited=&#8220;on|phone&#8220; header_2_font_size_tablet=&#8220;22px&#8220; header_2_font_size_phone=&#8220;18px&#8220; header_2_font_size_last_edited=&#8220;on|desktop&#8220; global_colors_info=&#8220;{}&#8220;]<\/p>\n<h1>Die Partner, mit denen wir erfolgreich zusammenarbeiten.<\/h1>\n<h2>Dank ihnen sind wir in der Lage, unseren Kunden hochwertige L\u00f6sungen anzubieten.<\/p>\n<p><\/h2>\n<p>[\/et_pb_text][\/et_pb_column][\/et_pb_row][\/et_pb_section][et_pb_section fb_built=&#8220;1&#8243; _builder_version=&#8220;4.16&#8243; global_colors_info=&#8220;{}&#8220;][et_pb_row column_structure=&#8220;1_2,1_2&#8243; _builder_version=&#8220;4.20.2&#8243; custom_margin=&#8220;||60px||false|false&#8220; global_colors_info=&#8220;{}&#8220;][et_pb_column type=&#8220;1_2&#8243; _builder_version=&#8220;4.16&#8243; custom_padding=&#8220;|||&#8220; global_colors_info=&#8220;{}&#8220; custom_padding__hover=&#8220;|||&#8220;][et_pb_text _builder_version=&#8220;4.16&#8243; link_font=&#8220;||||||||&#8220; link_text_color=&#8220;#0c71c3&#8243; link_font_size=&#8220;32px&#8220; link_font_size_tablet=&#8220;28px&#8220; link_font_size_phone=&#8220;24px&#8220; link_font_size_last_edited=&#8220;on|tablet&#8220; global_colors_info=&#8220;{}&#8220;]<\/p>\n<h3 style=\"text-align: center;\"><span style=\"text-decoration: underline;\"><a href=\"http:\/\/www.breger.lu\" target=\"_blank\" rel=\"noopener noreferrer\">Breger<\/a><a href=\"http:\/\/www.breger.lu\" target=\"_blank\" rel=\"noopener noreferrer\"><\/a><\/span><\/h3>\n<p>[\/et_pb_text][et_pb_image src=&#8220;https:\/\/avu.lu\/wp-content\/uploads\/2025\/12\/breger-logo-square.png&#8220; title_text=&#8220;breger-logo-square&#8220; force_fullwidth=&#8220;on&#8220; align_tablet=&#8220;center&#8220; align_phone=&#8220;&#8220; align_last_edited=&#8220;on|desktop&#8220; _builder_version=&#8220;4.20.2&#8243; global_colors_info=&#8220;{}&#8220;][\/et_pb_image][et_pb_text _builder_version=&#8220;4.16&#8243; global_colors_info=&#8220;{}&#8220;][\/et_pb_text][\/et_pb_column][et_pb_column type=&#8220;1_2&#8243; _builder_version=&#8220;4.16&#8243; custom_padding=&#8220;|||&#8220; global_colors_info=&#8220;{}&#8220; custom_padding__hover=&#8220;|||&#8220;][et_pb_text _builder_version=&#8220;4.16&#8243; link_font=&#8220;||||||||&#8220; link_text_color=&#8220;#0c71c3&#8243; link_font_size=&#8220;32px&#8220; link_font_size_tablet=&#8220;28px&#8220; link_font_size_phone=&#8220;24px&#8220; link_font_size_last_edited=&#8220;on|tablet&#8220; global_colors_info=&#8220;{}&#8220;]<\/p>\n<h3 style=\"text-align: center;\"><a href=\"https:\/\/www.mysortimo.be\/fr_BE\/\"><span style=\"text-decoration: underline;\">Sortimo Belux<\/span><\/a><\/h3>\n<p>[\/et_pb_text][et_pb_image src=&#8220;https:\/\/avu.lu\/wp-content\/uploads\/2020\/11\/Karte_Vertrieb_Belgien.png&#8220; force_fullwidth=&#8220;on&#8220; align_tablet=&#8220;center&#8220; align_phone=&#8220;&#8220; align_last_edited=&#8220;on|desktop&#8220; _builder_version=&#8220;4.16&#8243; global_colors_info=&#8220;{}&#8220;][\/et_pb_image][et_pb_text _builder_version=&#8220;4.16&#8243; global_colors_info=&#8220;{}&#8220;][\/et_pb_text][\/et_pb_column][\/et_pb_row][et_pb_row column_structure=&#8220;1_4,1_4,1_4,1_4&#8243; use_custom_gutter=&#8220;on&#8220; gutter_width=&#8220;1&#8243; make_equal=&#8220;on&#8220; module_class=&#8220;four-col-tab two-col-mob&#8220; _builder_version=&#8220;4.20.2&#8243; _module_preset=&#8220;default&#8220; max_width=&#8220;720px&#8220; custom_padding=&#8220;0px||0px||true|false&#8220; custom_css_main_element=&#8220;align-items: center;&#8220; global_colors_info=&#8220;{}&#8220;][et_pb_column type=&#8220;1_4&#8243; _builder_version=&#8220;4.20.2&#8243; _module_preset=&#8220;default&#8220; global_colors_info=&#8220;{}&#8220;][et_pb_image src=&#8220;https:\/\/avu.lu\/wp-content\/uploads\/2024\/12\/ram-logo.webp&#8220; title_text=&#8220;ram-logo&#8220; url=&#8220;https:\/\/www.ram-mount.fr\/&#8220; url_new_window=&#8220;on&#8220; align=&#8220;center&#8220; _builder_version=&#8220;4.20.2&#8243; _module_preset=&#8220;default&#8220; background_color=&#8220;#000000&#8243; custom_padding=&#8220;10px|10px|10px|10px|true|true&#8220; global_colors_info=&#8220;{}&#8220;][\/et_pb_image][\/et_pb_column][et_pb_column type=&#8220;1_4&#8243; _builder_version=&#8220;4.20.2&#8243; _module_preset=&#8220;default&#8220; global_colors_info=&#8220;{}&#8220;][et_pb_image src=&#8220;https:\/\/avu.lu\/wp-content\/uploads\/2023\/04\/mobietec-logo.png&#8220; title_text=&#8220;mobietec-logo&#8220; url=&#8220;https:\/\/www.mobietec.be\/de&#8220; url_new_window=&#8220;on&#8220; align=&#8220;center&#8220; _builder_version=&#8220;4.20.2&#8243; _module_preset=&#8220;default&#8220; custom_padding=&#8220;10px|10px|10px|10px|true|true&#8220; global_colors_info=&#8220;{}&#8220;][\/et_pb_image][\/et_pb_column][et_pb_column type=&#8220;1_4&#8243; _builder_version=&#8220;4.20.2&#8243; _module_preset=&#8220;default&#8220; global_colors_info=&#8220;{}&#8220;][et_pb_image src=&#8220;https:\/\/avu.lu\/wp-content\/uploads\/2023\/04\/LL-Logo-Website-01.png&#8220; title_text=&#8220;LL-Logo-Website-01&#8243; url=&#8220;https:\/\/www.logicline.eu\/&#8220; url_new_window=&#8220;on&#8220; align=&#8220;center&#8220; _builder_version=&#8220;4.20.2&#8243; _module_preset=&#8220;default&#8220; background_color=&#8220;#00599b&#8220; custom_padding=&#8220;10px|10px|10px|10px|true|true&#8220; global_colors_info=&#8220;{}&#8220;][\/et_pb_image][\/et_pb_column][et_pb_column type=&#8220;1_4&#8243; _builder_version=&#8220;4.20.2&#8243; _module_preset=&#8220;default&#8220; global_colors_info=&#8220;{}&#8220;][et_pb_image src=&#8220;https:\/\/avu.lu\/wp-content\/uploads\/2023\/04\/rauwers-logo.png&#8220; title_text=&#8220;rauwers-logo&#8220; url=&#8220;https:\/\/www.rauwers.de\/cms\/&#8220; url_new_window=&#8220;on&#8220; align=&#8220;center&#8220; _builder_version=&#8220;4.20.2&#8243; _module_preset=&#8220;default&#8220; custom_padding=&#8220;10px|10px|10px|10px|true|true&#8220; global_colors_info=&#8220;{}&#8220;][\/et_pb_image][\/et_pb_column][\/et_pb_row][et_pb_row column_structure=&#8220;1_4,1_4,1_4,1_4&#8243; use_custom_gutter=&#8220;on&#8220; gutter_width=&#8220;1&#8243; make_equal=&#8220;on&#8220; module_class=&#8220;two-col-mob four-col-tab&#8220; _builder_version=&#8220;4.20.2&#8243; _module_preset=&#8220;default&#8220; max_width=&#8220;720px&#8220; custom_padding=&#8220;0px||0px||true|false&#8220; custom_css_main_element=&#8220;align-items: center;&#8220; global_colors_info=&#8220;{}&#8220;][et_pb_column type=&#8220;1_4&#8243; _builder_version=&#8220;4.20.2&#8243; _module_preset=&#8220;default&#8220; global_colors_info=&#8220;{}&#8220;][et_pb_image src=&#8220;https:\/\/avu.lu\/wp-content\/uploads\/2023\/04\/logo-gedore.png&#8220; title_text=&#8220;logo-gedore&#8220; url=&#8220;https:\/\/www.gedore.com\/de-de\/&#8220; url_new_window=&#8220;on&#8220; align=&#8220;center&#8220; _builder_version=&#8220;4.20.2&#8243; _module_preset=&#8220;default&#8220; custom_padding=&#8220;10px|10px|10px|10px|true|true&#8220; global_colors_info=&#8220;{}&#8220;][\/et_pb_image][\/et_pb_column][et_pb_column type=&#8220;1_4&#8243; _builder_version=&#8220;4.20.2&#8243; _module_preset=&#8220;default&#8220; global_colors_info=&#8220;{}&#8220;][et_pb_image src=&#8220;https:\/\/avu.lu\/wp-content\/uploads\/2025\/12\/zeliox-logo-pay-off.png&#8220; title_text=&#8220;zeliox-logo-pay-off&#8220; url=&#8220;https:\/\/www.claytonpower.com\/de\/&#8220; url_new_window=&#8220;on&#8220; align=&#8220;center&#8220; _builder_version=&#8220;4.20.2&#8243; _module_preset=&#8220;default&#8220; background_enable_color=&#8220;off&#8220; custom_padding=&#8220;10px|10px|10px|10px|true|true&#8220; global_colors_info=&#8220;{}&#8220;][\/et_pb_image][\/et_pb_column][et_pb_column type=&#8220;1_4&#8243; _builder_version=&#8220;4.20.2&#8243; _module_preset=&#8220;default&#8220; global_colors_info=&#8220;{}&#8220;][et_pb_image src=&#8220;https:\/\/avu.lu\/wp-content\/uploads\/2023\/04\/victron-energy-bv-logo.png&#8220; title_text=&#8220;victron-energy-bv-logo&#8220; url=&#8220;https:\/\/www.victronenergy.fr\/&#8220; url_new_window=&#8220;on&#8220; align=&#8220;center&#8220; _builder_version=&#8220;4.20.2&#8243; _module_preset=&#8220;default&#8220; custom_padding=&#8220;10px|10px|10px|10px|true|true&#8220; global_colors_info=&#8220;{}&#8220;][\/et_pb_image][\/et_pb_column][et_pb_column type=&#8220;1_4&#8243; _builder_version=&#8220;4.20.2&#8243; _module_preset=&#8220;default&#8220; global_colors_info=&#8220;{}&#8220;][et_pb_image src=&#8220;https:\/\/avu.lu\/wp-content\/uploads\/2024\/12\/air-compressor-mpc-logo-1440494539.jpg&#8220; title_text=&#8220;air-compressor-mpc-logo-1440494539&#8243; url=&#8220;https:\/\/www.aircompressormpc.com\/fr\/&#8220; url_new_window=&#8220;on&#8220; align=&#8220;center&#8220; _builder_version=&#8220;4.20.2&#8243; _module_preset=&#8220;default&#8220; custom_padding=&#8220;10px|10px|10px|10px|true|true&#8220; global_colors_info=&#8220;{}&#8220;][\/et_pb_image][\/et_pb_column][\/et_pb_row][et_pb_row _builder_version=&#8220;4.20.2&#8243; hover_enabled=&#8220;0&#8243; global_colors_info=&#8220;{}&#8220; sticky_enabled=&#8220;0&#8243;][et_pb_column type=&#8220;4_4&#8243; _builder_version=&#8220;4.16&#8243; custom_padding=&#8220;|||&#8220; global_colors_info=&#8220;{}&#8220; custom_padding__hover=&#8220;|||&#8220;][et_pb_text _builder_version=&#8220;4.16&#8243; link_font=&#8220;||||||||&#8220; link_text_color=&#8220;#0c71c3&#8243; link_font_size=&#8220;32px&#8220; link_font_size_tablet=&#8220;28px&#8220; link_font_size_phone=&#8220;24px&#8220; link_font_size_last_edited=&#8220;on|tablet&#8220; global_colors_info=&#8220;{}&#8220;]<\/p>\n<h3 style=\"text-align: center;\"><a href=\"http:\/\/www.roll-and-fix.be\/fr\/\"><span style=\"text-decoration: underline;\"><\/span><span style=\"text-decoration: underline;\"><\/span><span style=\"text-decoration: underline;\"><\/span><span style=\"text-decoration: underline;\"><\/span><span style=\"text-decoration: underline;\"><\/span><span style=\"text-decoration: underline;\"><\/span><span style=\"text-decoration: underline;\"><\/span><span style=\"text-decoration: underline;\"><\/span><span style=\"text-decoration: underline;\">Roll &amp; Fix<\/span><\/a><\/h3>\n<p>[\/et_pb_text][et_pb_video src=&#8220;https:\/\/www.youtube.com\/watch?v=IO_Cy-hikEo&#8220; _builder_version=&#8220;4.16&#8243; global_colors_info=&#8220;{}&#8220;][\/et_pb_video][et_pb_text _builder_version=&#8220;4.16&#8243; global_colors_info=&#8220;{}&#8220;]<\/p>\n<p><a href=\"http:\/\/www.roll-and-fix.be\/fr\/\"><\/a><\/p>\n<p>[\/et_pb_text][\/et_pb_column][\/et_pb_row][\/et_pb_section]<\/p>\n","protected":false},"excerpt":{"rendered":"<p>Die Partner, mit denen wir erfolgreich zusammenarbeiten. Dank ihnen sind wir in der Lage, unseren Kunden hochwertige L\u00f6sungen anzubieten. BregerSortimo BeluxRoll &amp; Fix<\/p>\n","protected":false},"author":1,"featured_media":31087,"parent":0,"menu_order":0,"comment_status":"closed","ping_status":"closed","template":"","meta":{"_et_pb_use_builder":"on","_et_pb_old_content":"","_et_gb_content_width":"","footnotes":""},"class_list":["post-31166","page","type-page","status-publish","has-post-thumbnail","hentry"],"yoast_head":"<!-- This site is optimized with the Yoast SEO plugin v27.3 - https:\/\/yoast.com\/product\/yoast-seo-wordpress\/ -->\n<title>Unsere Partner | A.V.U. By Breger<\/title>\n<meta name=\"description\" content=\"Dank unserer Partner k\u00f6nnen wir unseren Kunden hochwertige L\u00f6sungen f\u00fcr den Ausbau von Nutzfahrzeugen anbieten.\" \/>\n<meta name=\"robots\" content=\"index, follow, max-snippet:-1, max-image-preview:large, max-video-preview:-1\" \/>\n<link rel=\"canonical\" href=\"https:\/\/avu.lu\/de\/partner\/\" \/>\n<meta property=\"og:locale\" content=\"de_DE\" \/>\n<meta property=\"og:type\" content=\"article\" \/>\n<meta property=\"og:title\" content=\"Unsere Partner | A.V.U. By Breger\" \/>\n<meta property=\"og:description\" content=\"Dank unserer Partner k\u00f6nnen wir unseren Kunden hochwertige L\u00f6sungen f\u00fcr den Ausbau von Nutzfahrzeugen anbieten.\" \/>\n<meta property=\"og:url\" content=\"https:\/\/avu.lu\/de\/partner\/\" \/>\n<meta property=\"og:site_name\" content=\"A.V.U. by Breger S.\u00e0 r.l.\" \/>\n<meta property=\"article:modified_time\" content=\"2026-02-06T14:37:45+00:00\" \/>\n<meta property=\"og:image\" content=\"https:\/\/avu.lu\/wp-content\/uploads\/2019\/07\/kopfzeile.png\" \/>\n\t<meta property=\"og:image:width\" content=\"403\" \/>\n\t<meta property=\"og:image:height\" content=\"403\" \/>\n\t<meta property=\"og:image:type\" content=\"image\/png\" \/>\n<meta name=\"twitter:card\" content=\"summary_large_image\" \/>\n<meta name=\"twitter:label1\" content=\"Gesch\u00e4tzte Lesezeit\" \/>\n\t<meta name=\"twitter:data1\" content=\"5\u00a0Minute\" \/>\n<script type=\"application\/ld+json\" class=\"yoast-schema-graph\">{\"@context\":\"https:\\\/\\\/schema.org\",\"@graph\":[{\"@type\":\"WebPage\",\"@id\":\"https:\\\/\\\/avu.lu\\\/de\\\/partner\\\/\",\"url\":\"https:\\\/\\\/avu.lu\\\/de\\\/partner\\\/\",\"name\":\"Unsere Partner | A.V.U. By Breger\",\"isPartOf\":{\"@id\":\"https:\\\/\\\/avu.lu\\\/de\\\/#website\"},\"primaryImageOfPage\":{\"@id\":\"https:\\\/\\\/avu.lu\\\/de\\\/partner\\\/#primaryimage\"},\"image\":{\"@id\":\"https:\\\/\\\/avu.lu\\\/de\\\/partner\\\/#primaryimage\"},\"thumbnailUrl\":\"https:\\\/\\\/avu.lu\\\/wp-content\\\/uploads\\\/2019\\\/07\\\/kopfzeile.png\",\"datePublished\":\"2019-09-05T11:36:19+00:00\",\"dateModified\":\"2026-02-06T14:37:45+00:00\",\"description\":\"Dank unserer Partner k\u00f6nnen wir unseren Kunden hochwertige L\u00f6sungen f\u00fcr den Ausbau von Nutzfahrzeugen anbieten.\",\"breadcrumb\":{\"@id\":\"https:\\\/\\\/avu.lu\\\/de\\\/partner\\\/#breadcrumb\"},\"inLanguage\":\"de\",\"potentialAction\":[{\"@type\":\"ReadAction\",\"target\":[\"https:\\\/\\\/avu.lu\\\/de\\\/partner\\\/\"]}]},{\"@type\":\"ImageObject\",\"inLanguage\":\"de\",\"@id\":\"https:\\\/\\\/avu.lu\\\/de\\\/partner\\\/#primaryimage\",\"url\":\"https:\\\/\\\/avu.lu\\\/wp-content\\\/uploads\\\/2019\\\/07\\\/kopfzeile.png\",\"contentUrl\":\"https:\\\/\\\/avu.lu\\\/wp-content\\\/uploads\\\/2019\\\/07\\\/kopfzeile.png\",\"width\":403,\"height\":403},{\"@type\":\"BreadcrumbList\",\"@id\":\"https:\\\/\\\/avu.lu\\\/de\\\/partner\\\/#breadcrumb\",\"itemListElement\":[{\"@type\":\"ListItem\",\"position\":1,\"name\":\"Home\",\"item\":\"https:\\\/\\\/avu.lu\\\/de\\\/startseite\\\/\"},{\"@type\":\"ListItem\",\"position\":2,\"name\":\"Partner\"}]},{\"@type\":\"WebSite\",\"@id\":\"https:\\\/\\\/avu.lu\\\/de\\\/#website\",\"url\":\"https:\\\/\\\/avu.lu\\\/de\\\/\",\"name\":\"A.V.U. by Breger\",\"description\":\"\",\"publisher\":{\"@id\":\"https:\\\/\\\/avu.lu\\\/de\\\/#organization\"},\"potentialAction\":[{\"@type\":\"SearchAction\",\"target\":{\"@type\":\"EntryPoint\",\"urlTemplate\":\"https:\\\/\\\/avu.lu\\\/de\\\/?s={search_term_string}\"},\"query-input\":{\"@type\":\"PropertyValueSpecification\",\"valueRequired\":true,\"valueName\":\"search_term_string\"}}],\"inLanguage\":\"de\"},{\"@type\":\"Organization\",\"@id\":\"https:\\\/\\\/avu.lu\\\/de\\\/#organization\",\"name\":\"A.V.U. By Breger\",\"url\":\"https:\\\/\\\/avu.lu\\\/de\\\/\",\"logo\":{\"@type\":\"ImageObject\",\"inLanguage\":\"de\",\"@id\":\"https:\\\/\\\/avu.lu\\\/de\\\/#\\\/schema\\\/logo\\\/image\\\/\",\"url\":\"https:\\\/\\\/avu.lu\\\/wp-content\\\/uploads\\\/2019\\\/07\\\/kopfzeile.jpg\",\"contentUrl\":\"https:\\\/\\\/avu.lu\\\/wp-content\\\/uploads\\\/2019\\\/07\\\/kopfzeile.jpg\",\"width\":670,\"height\":298,\"caption\":\"A.V.U. By Breger\"},\"image\":{\"@id\":\"https:\\\/\\\/avu.lu\\\/de\\\/#\\\/schema\\\/logo\\\/image\\\/\"}}]}<\/script>\n<!-- \/ Yoast SEO plugin. -->","yoast_head_json":{"title":"Unsere Partner | A.V.U. By Breger","description":"Dank unserer Partner k\u00f6nnen wir unseren Kunden hochwertige L\u00f6sungen f\u00fcr den Ausbau von Nutzfahrzeugen anbieten.","robots":{"index":"index","follow":"follow","max-snippet":"max-snippet:-1","max-image-preview":"max-image-preview:large","max-video-preview":"max-video-preview:-1"},"canonical":"https:\/\/avu.lu\/de\/partner\/","og_locale":"de_DE","og_type":"article","og_title":"Unsere Partner | A.V.U. By Breger","og_description":"Dank unserer Partner k\u00f6nnen wir unseren Kunden hochwertige L\u00f6sungen f\u00fcr den Ausbau von Nutzfahrzeugen anbieten.","og_url":"https:\/\/avu.lu\/de\/partner\/","og_site_name":"A.V.U. by Breger S.\u00e0 r.l.","article_modified_time":"2026-02-06T14:37:45+00:00","og_image":[{"width":403,"height":403,"url":"https:\/\/avu.lu\/wp-content\/uploads\/2019\/07\/kopfzeile.png","type":"image\/png"}],"twitter_card":"summary_large_image","twitter_misc":{"Gesch\u00e4tzte Lesezeit":"5\u00a0Minute"},"schema":{"@context":"https:\/\/schema.org","@graph":[{"@type":"WebPage","@id":"https:\/\/avu.lu\/de\/partner\/","url":"https:\/\/avu.lu\/de\/partner\/","name":"Unsere Partner | A.V.U. By Breger","isPartOf":{"@id":"https:\/\/avu.lu\/de\/#website"},"primaryImageOfPage":{"@id":"https:\/\/avu.lu\/de\/partner\/#primaryimage"},"image":{"@id":"https:\/\/avu.lu\/de\/partner\/#primaryimage"},"thumbnailUrl":"https:\/\/avu.lu\/wp-content\/uploads\/2019\/07\/kopfzeile.png","datePublished":"2019-09-05T11:36:19+00:00","dateModified":"2026-02-06T14:37:45+00:00","description":"Dank unserer Partner k\u00f6nnen wir unseren Kunden hochwertige L\u00f6sungen f\u00fcr den Ausbau von Nutzfahrzeugen anbieten.","breadcrumb":{"@id":"https:\/\/avu.lu\/de\/partner\/#breadcrumb"},"inLanguage":"de","potentialAction":[{"@type":"ReadAction","target":["https:\/\/avu.lu\/de\/partner\/"]}]},{"@type":"ImageObject","inLanguage":"de","@id":"https:\/\/avu.lu\/de\/partner\/#primaryimage","url":"https:\/\/avu.lu\/wp-content\/uploads\/2019\/07\/kopfzeile.png","contentUrl":"https:\/\/avu.lu\/wp-content\/uploads\/2019\/07\/kopfzeile.png","width":403,"height":403},{"@type":"BreadcrumbList","@id":"https:\/\/avu.lu\/de\/partner\/#breadcrumb","itemListElement":[{"@type":"ListItem","position":1,"name":"Home","item":"https:\/\/avu.lu\/de\/startseite\/"},{"@type":"ListItem","position":2,"name":"Partner"}]},{"@type":"WebSite","@id":"https:\/\/avu.lu\/de\/#website","url":"https:\/\/avu.lu\/de\/","name":"A.V.U. by Breger","description":"","publisher":{"@id":"https:\/\/avu.lu\/de\/#organization"},"potentialAction":[{"@type":"SearchAction","target":{"@type":"EntryPoint","urlTemplate":"https:\/\/avu.lu\/de\/?s={search_term_string}"},"query-input":{"@type":"PropertyValueSpecification","valueRequired":true,"valueName":"search_term_string"}}],"inLanguage":"de"},{"@type":"Organization","@id":"https:\/\/avu.lu\/de\/#organization","name":"A.V.U. By Breger","url":"https:\/\/avu.lu\/de\/","logo":{"@type":"ImageObject","inLanguage":"de","@id":"https:\/\/avu.lu\/de\/#\/schema\/logo\/image\/","url":"https:\/\/avu.lu\/wp-content\/uploads\/2019\/07\/kopfzeile.jpg","contentUrl":"https:\/\/avu.lu\/wp-content\/uploads\/2019\/07\/kopfzeile.jpg","width":670,"height":298,"caption":"A.V.U. By Breger"},"image":{"@id":"https:\/\/avu.lu\/de\/#\/schema\/logo\/image\/"}}]}},"_links":{"self":[{"href":"https:\/\/avu.lu\/de\/wp-json\/wp\/v2\/pages\/31166","targetHints":{"allow":["GET"]}}],"collection":[{"href":"https:\/\/avu.lu\/de\/wp-json\/wp\/v2\/pages"}],"about":[{"href":"https:\/\/avu.lu\/de\/wp-json\/wp\/v2\/types\/page"}],"author":[{"embeddable":true,"href":"https:\/\/avu.lu\/de\/wp-json\/wp\/v2\/users\/1"}],"replies":[{"embeddable":true,"href":"https:\/\/avu.lu\/de\/wp-json\/wp\/v2\/comments?post=31166"}],"version-history":[{"count":0,"href":"https:\/\/avu.lu\/de\/wp-json\/wp\/v2\/pages\/31166\/revisions"}],"wp:featuredmedia":[{"embeddable":true,"href":"https:\/\/avu.lu\/de\/wp-json\/wp\/v2\/media\/31087"}],"wp:attachment":[{"href":"https:\/\/avu.lu\/de\/wp-json\/wp\/v2\/media?parent=31166"}],"curies":[{"name":"wp","href":"https:\/\/api.w.org\/{rel}","templated":true}]}}