{"id":31192,"date":"2023-04-05T11:05:21","date_gmt":"2023-04-05T09:05:21","guid":{"rendered":"https:\/\/avu.lu\/zubehoerfotos\/"},"modified":"2026-04-01T13:22:43","modified_gmt":"2026-04-01T11:22:43","slug":"zubehoerfotos","status":"publish","type":"page","link":"https:\/\/avu.lu\/de\/zubehoerfotos\/","title":{"rendered":"Zubeh\u00f6r"},"content":{"rendered":"<p>[et_pb_section fb_built=&#8220;1&#8243; _builder_version=&#8220;4.20.2&#8243; background_color=&#8220;#0069b3&#8243; custom_padding=&#8220;40px||30px||false|false&#8220; global_colors_info=&#8220;{}&#8220;][et_pb_row _builder_version=&#8220;4.20.2&#8243; custom_margin=&#8220;0px||0px||true|false&#8220; custom_padding=&#8220;0px||0px||true|false&#8220; global_colors_info=&#8220;{}&#8220;][et_pb_column type=&#8220;4_4&#8243; _builder_version=&#8220;4.20.2&#8243; custom_padding=&#8220;0px||0px||false|false&#8220; global_colors_info=&#8220;{}&#8220; custom_padding__hover=&#8220;|||&#8220;][et_pb_text module_id=&#8220;#promotion&#8220; _builder_version=&#8220;4.20.2&#8243; header_font=&#8220;|700|||||||&#8220; header_text_color=&#8220;#ffffff&#8220; header_font_size=&#8220;50px&#8220; header_2_text_color=&#8220;rgba(255,255,255,0.75)&#8220; header_2_font_size=&#8220;24px&#8220; header_2_line_height=&#8220;1.5em&#8220; custom_margin=&#8220;0px||0px||false|false&#8220; custom_padding=&#8220;0px||0px||false|false&#8220; header_font_size_tablet=&#8220;36px&#8220; header_font_size_phone=&#8220;28px&#8220; header_font_size_last_edited=&#8220;on|phone&#8220; header_2_font_size_tablet=&#8220;22px&#8220; header_2_font_size_phone=&#8220;18px&#8220; header_2_font_size_last_edited=&#8220;on|desktop&#8220; global_colors_info=&#8220;{}&#8220;]<\/p>\n<h1>Fotos von Zubeh\u00f6r<\/h1>\n<h2>Entdecken Sie unsere Referenzen in Bildern<\/h2>\n<p>[\/et_pb_text][\/et_pb_column][\/et_pb_row][\/et_pb_section][et_pb_section fb_built=&#8220;1&#8243; admin_label=&#8220;section&#8220; _builder_version=&#8220;4.16&#8243; max_width_tablet=&#8220;&#8220; max_width_phone=&#8220;100%&#8220; max_width_last_edited=&#8220;on|phone&#8220; custom_padding=&#8220;54px|0|54px|0px|false|false&#8220; global_colors_info=&#8220;{}&#8220;][et_pb_row use_custom_gutter=&#8220;on&#8220; gutter_width=&#8220;1&#8243; disabled_on=&#8220;off|off|off&#8220; _builder_version=&#8220;4.16&#8243; custom_padding=&#8220;30px|0px|27px|0px|false|false&#8220; global_colors_info=&#8220;{}&#8220;][et_pb_column type=&#8220;4_4&#8243; _builder_version=&#8220;4.16&#8243; custom_padding=&#8220;|||&#8220; global_colors_info=&#8220;{}&#8220; custom_padding__hover=&#8220;|||&#8220;][et_pb_gallery gallery_ids=&#8220;31426,31470,31469,31406&#8243; posts_number=&#8220;12&#8243; _builder_version=&#8220;4.27.5&#8243; title_level=&#8220;h4&#8243; title_font=&#8220;||||||||&#8220; title_font_size=&#8220;14px&#8220; caption_font=&#8220;||||||||&#8220; pagination_font=&#8220;||||||||&#8220; custom_margin=&#8220;30px||30px||true|false&#8220; custom_padding=&#8220;0px||0px||true|false&#8220; custom_css_gallery_item=&#8220;padding: 3px;||width: 25% !important;||margin: 0 !important;||clear: none !important;&#8220; global_colors_info=&#8220;{}&#8220; custom_css_gallery_item_last_edited=&#8220;on|phone&#8220; custom_css_gallery_item_tablet=&#8220;padding: 3px;||width: 50% !important;||margin: 0 !important;||clear: none !important;&#8220; custom_css_gallery_item_phone=&#8220;padding: 3px;||width: 50% !important;||margin: 0 !important;||clear: none !important;&#8220;][\/et_pb_gallery][et_pb_gallery gallery_ids=&#8220;31388,31385,31387,31386&#8243; posts_number=&#8220;12&#8243; _builder_version=&#8220;4.27.5&#8243; title_level=&#8220;h4&#8243; title_font=&#8220;||||||||&#8220; title_font_size=&#8220;14px&#8220; caption_font=&#8220;||||||||&#8220; pagination_font=&#8220;||||||||&#8220; custom_margin=&#8220;30px||30px||true|false&#8220; custom_padding=&#8220;0px||0px||true|false&#8220; custom_css_gallery_item=&#8220;padding: 3px;||width: 25% !important;||margin: 0 !important;||clear: none !important;&#8220; global_colors_info=&#8220;{}&#8220; custom_css_gallery_item_last_edited=&#8220;on|phone&#8220; custom_css_gallery_item_tablet=&#8220;padding: 3px;||width: 50% !important;||margin: 0 !important;||clear: none !important;&#8220; custom_css_gallery_item_phone=&#8220;padding: 3px;||width: 50% !important;||margin: 0 !important;||clear: none !important;&#8220;][\/et_pb_gallery][et_pb_gallery gallery_ids=&#8220;31510,31511,31443&#8243; posts_number=&#8220;12&#8243; _builder_version=&#8220;4.27.5&#8243; title_level=&#8220;h4&#8243; title_font=&#8220;||||||||&#8220; title_font_size=&#8220;14px&#8220; caption_font=&#8220;||||||||&#8220; pagination_font=&#8220;||||||||&#8220; custom_margin=&#8220;30px||30px||true|false&#8220; custom_padding=&#8220;0px||0px||true|false&#8220; hover_enabled=&#8220;0&#8243; custom_css_gallery_item=&#8220;padding: 3px;||width: 25% !important;||margin: 0 !important;||clear: none !important;&#8220; global_colors_info=&#8220;{}&#8220; custom_css_gallery_item_last_edited=&#8220;on|phone&#8220; custom_css_gallery_item_tablet=&#8220;padding: 3px;||width: 50% !important;||margin: 0 !important;||clear: none !important;&#8220; custom_css_gallery_item_phone=&#8220;padding: 3px;||width: 50% !important;||margin: 0 !important;||clear: none !important;&#8220; sticky_enabled=&#8220;0&#8243;][\/et_pb_gallery][et_pb_gallery gallery_ids=&#8220;31432,31171&#8243; posts_number=&#8220;12&#8243; _builder_version=&#8220;4.27.5&#8243; title_level=&#8220;h4&#8243; title_font=&#8220;||||||||&#8220; title_font_size=&#8220;14px&#8220; caption_font=&#8220;||||||||&#8220; pagination_font=&#8220;||||||||&#8220; custom_margin=&#8220;30px||30px||true|false&#8220; custom_padding=&#8220;0px||0px||true|false&#8220; custom_css_gallery_item=&#8220;padding: 3px;||width: 25% !important;||margin: 0 !important;||clear: none !important;&#8220; global_colors_info=&#8220;{}&#8220; custom_css_gallery_item_last_edited=&#8220;on|phone&#8220; custom_css_gallery_item_tablet=&#8220;padding: 3px;||width: 50% !important;||margin: 0 !important;||clear: none !important;&#8220; custom_css_gallery_item_phone=&#8220;padding: 3px;||width: 50% !important;||margin: 0 !important;||clear: none !important;&#8220;][\/et_pb_gallery][et_pb_gallery gallery_ids=&#8220;31173,31172,31176,31433&#8243; posts_number=&#8220;12&#8243; _builder_version=&#8220;4.27.5&#8243; title_level=&#8220;h4&#8243; title_font=&#8220;||||||||&#8220; title_font_size=&#8220;14px&#8220; caption_font=&#8220;||||||||&#8220; pagination_font=&#8220;||||||||&#8220; custom_margin=&#8220;30px||30px||true|false&#8220; custom_padding=&#8220;0px||0px||true|false&#8220; custom_css_gallery_item=&#8220;padding: 3px;||width: 25% !important;||margin: 0 !important;||clear: none !important;&#8220; global_colors_info=&#8220;{}&#8220; custom_css_gallery_item_last_edited=&#8220;on|phone&#8220; custom_css_gallery_item_tablet=&#8220;padding: 3px;||width: 50% !important;||margin: 0 !important;||clear: none !important;&#8220; custom_css_gallery_item_phone=&#8220;padding: 3px;||width: 50% !important;||margin: 0 !important;||clear: none !important;&#8220;][\/et_pb_gallery][et_pb_gallery gallery_ids=&#8220;31142,31177,31431,31178&#8243; posts_number=&#8220;8&#8243; _builder_version=&#8220;4.27.5&#8243; title_level=&#8220;h4&#8243; title_font_size=&#8220;14px&#8220; custom_margin=&#8220;30px||30px||true|false&#8220; custom_padding=&#8220;0px||0px||true|false&#8220; custom_css_gallery_item=&#8220;padding: 3px;||width: 25% !important;||margin: 0 !important;||clear: none !important;&#8220; global_colors_info=&#8220;{}&#8220; custom_css_gallery_item_last_edited=&#8220;on|tablet&#8220; custom_css_gallery_item_tablet=&#8220;padding: 3px;||width: 50% !important;||margin: 0 !important;||clear: none !important;&#8220; custom_css_gallery_item_phone=&#8220;padding: 3px;||width: 50% !important;||margin: 0 !important;||clear: none !important;&#8220;][\/et_pb_gallery][et_pb_gallery gallery_ids=&#8220;31179,31180,31181&#8243; _builder_version=&#8220;4.20.2&#8243; title_level=&#8220;h4&#8243; title_font_size=&#8220;14px&#8220; custom_margin=&#8220;30px||30px||true|false&#8220; custom_padding=&#8220;0px||0px||true|false&#8220; custom_css_gallery_item=&#8220;padding: 3px;||width: 25% !important;||margin: 0 !important;||clear: none !important;&#8220; global_colors_info=&#8220;{}&#8220; custom_css_gallery_item_last_edited=&#8220;on|tablet&#8220; custom_css_gallery_item_tablet=&#8220;padding: 3px;||width: 50% !important;||margin: 0 !important;||clear: none !important;&#8220; custom_css_gallery_item_phone=&#8220;padding: 3px;||width: 50% !important;||margin: 0 !important;||clear: none !important;&#8220;][\/et_pb_gallery][et_pb_text _builder_version=&#8220;4.16&#8243; text_font=&#8220;||||||||&#8220; text_text_color=&#8220;#2d2d2d&#8220; text_font_size=&#8220;100px&#8220; inline_fonts=&#8220;Times New Roman&#8220; global_colors_info=&#8220;{}&#8220;]<\/p>\n<h2><span face=\"Times New Roman\" style=\"font-family: 'Times New Roman';\"> <\/span><\/h2>\n<p>[\/et_pb_text][\/et_pb_column][\/et_pb_row][et_pb_row use_custom_gutter=&#8220;on&#8220; gutter_width=&#8220;1&#8243; disabled_on=&#8220;off|off|off&#8220; _builder_version=&#8220;4.16&#8243; custom_padding=&#8220;30px|0px|27px|0px|false|false&#8220; global_colors_info=&#8220;{}&#8220;][et_pb_column type=&#8220;4_4&#8243; _builder_version=&#8220;4.16&#8243; custom_padding=&#8220;|||&#8220; global_colors_info=&#8220;{}&#8220; custom_padding__hover=&#8220;|||&#8220;][et_pb_text _builder_version=&#8220;4.20.2&#8243; global_colors_info=&#8220;{}&#8220;]<\/p>\n<h3><span style=\"font-size: xx-large;\">Speziall\u00f6sungen<br \/><\/span><\/h3>\n<p>[\/et_pb_text][et_pb_gallery gallery_ids=&#8220;31182,31183,31184,31185&#8243; _builder_version=&#8220;4.20.2&#8243; title_level=&#8220;h4&#8243; title_font_size=&#8220;14px&#8220; custom_margin=&#8220;30px||30px||true|false&#8220; custom_padding=&#8220;0px||0px||true|false&#8220; custom_css_gallery_item=&#8220;padding: 3px;||width: 25% !important;||margin: 0 !important;||clear: none !important;&#8220; global_colors_info=&#8220;{}&#8220; custom_css_gallery_item_last_edited=&#8220;on|tablet&#8220; custom_css_gallery_item_tablet=&#8220;padding: 3px;||width: 50% !important;||margin: 0 !important;||clear: none !important;&#8220; custom_css_gallery_item_phone=&#8220;padding: 3px;||width: 50% !important;||margin: 0 !important;||clear: none !important;&#8220;][\/et_pb_gallery][et_pb_gallery gallery_ids=&#8220;31186,31187,31188,31189&#8243; _builder_version=&#8220;4.20.2&#8243; title_level=&#8220;h4&#8243; title_font_size=&#8220;14px&#8220; custom_margin=&#8220;30px||30px||true|false&#8220; custom_padding=&#8220;0px||0px||true|false&#8220; custom_css_gallery_item=&#8220;padding: 3px;||width: 25% !important;||margin: 0 !important;||clear: none !important;&#8220; global_colors_info=&#8220;{}&#8220; custom_css_gallery_item_last_edited=&#8220;on|tablet&#8220; custom_css_gallery_item_tablet=&#8220;padding: 3px;||width: 50% !important;||margin: 0 !important;||clear: none !important;&#8220; custom_css_gallery_item_phone=&#8220;padding: 3px;||width: 50% !important;||margin: 0 !important;||clear: none !important;&#8220;][\/et_pb_gallery][et_pb_gallery gallery_ids=&#8220;31190,31191,31503&#8243; _builder_version=&#8220;4.27.5&#8243; title_level=&#8220;h4&#8243; title_font_size=&#8220;14px&#8220; custom_margin=&#8220;30px||30px||true|false&#8220; custom_padding=&#8220;0px||0px||true|false&#8220; custom_css_gallery_item=&#8220;padding: 3px;||width: 25% !important;||margin: 0 !important;||clear: none !important;&#8220; global_colors_info=&#8220;{}&#8220; custom_css_gallery_item_last_edited=&#8220;on|tablet&#8220; custom_css_gallery_item_tablet=&#8220;padding: 3px;||width: 50% !important;||margin: 0 !important;||clear: none !important;&#8220; custom_css_gallery_item_phone=&#8220;padding: 3px;||width: 50% !important;||margin: 0 !important;||clear: none !important;&#8220;][\/et_pb_gallery][et_pb_text _builder_version=&#8220;4.16&#8243; text_font=&#8220;||||||||&#8220; text_text_color=&#8220;#2d2d2d&#8220; text_font_size=&#8220;100px&#8220; inline_fonts=&#8220;Times New Roman&#8220; global_colors_info=&#8220;{}&#8220;]<\/p>\n<h2><span face=\"Times New Roman\" style=\"font-family: 'Times New Roman';\"> <\/span><\/h2>\n<p>[\/et_pb_text][\/et_pb_column][\/et_pb_row][\/et_pb_section]<\/p>\n","protected":false},"excerpt":{"rendered":"<p>Fotos von Zubeh\u00f6r Entdecken Sie unsere Referenzen in Bildern Speziall\u00f6sungen<\/p>\n","protected":false},"author":1,"featured_media":0,"parent":0,"menu_order":0,"comment_status":"closed","ping_status":"closed","template":"","meta":{"_et_pb_use_builder":"on","_et_pb_old_content":"","_et_gb_content_width":"","footnotes":""},"class_list":["post-31192","page","type-page","status-publish","hentry"],"yoast_head":"<!-- This site is optimized with the Yoast SEO plugin v27.3 - https:\/\/yoast.com\/product\/yoast-seo-wordpress\/ -->\n<title>Unsere Referenzen \u2013 Fotos von Zubeh\u00f6r | A.V.U. By Breger<\/title>\n<meta name=\"description\" content=\"Entdecken Sie unsere Referenzen f\u00fcr Ausbaul\u00f6sungen von Nutzfahrzeugen\" \/>\n<meta name=\"robots\" content=\"index, follow, max-snippet:-1, max-image-preview:large, max-video-preview:-1\" \/>\n<link rel=\"canonical\" href=\"https:\/\/avu.lu\/de\/zubehoerfotos\/\" \/>\n<meta property=\"og:locale\" content=\"de_DE\" \/>\n<meta property=\"og:type\" content=\"article\" \/>\n<meta property=\"og:title\" content=\"Unsere Referenzen \u2013 Fotos von Zubeh\u00f6r | A.V.U. By Breger\" \/>\n<meta property=\"og:description\" content=\"Entdecken Sie unsere Referenzen f\u00fcr Ausbaul\u00f6sungen von Nutzfahrzeugen\" \/>\n<meta property=\"og:url\" content=\"https:\/\/avu.lu\/de\/zubehoerfotos\/\" \/>\n<meta property=\"og:site_name\" content=\"A.V.U. by Breger S.\u00e0 r.l.\" \/>\n<meta property=\"article:modified_time\" content=\"2026-04-01T11:22:43+00:00\" \/>\n<meta name=\"twitter:card\" content=\"summary_large_image\" \/>\n<meta name=\"twitter:label1\" content=\"Gesch\u00e4tzte Lesezeit\" \/>\n\t<meta name=\"twitter:data1\" content=\"6\u00a0Minute\" \/>\n<script type=\"application\/ld+json\" class=\"yoast-schema-graph\">{\"@context\":\"https:\\\/\\\/schema.org\",\"@graph\":[{\"@type\":\"WebPage\",\"@id\":\"https:\\\/\\\/avu.lu\\\/de\\\/zubehoerfotos\\\/\",\"url\":\"https:\\\/\\\/avu.lu\\\/de\\\/zubehoerfotos\\\/\",\"name\":\"Unsere Referenzen \u2013 Fotos von Zubeh\u00f6r | A.V.U. By Breger\",\"isPartOf\":{\"@id\":\"https:\\\/\\\/avu.lu\\\/de\\\/#website\"},\"datePublished\":\"2023-04-05T09:05:21+00:00\",\"dateModified\":\"2026-04-01T11:22:43+00:00\",\"description\":\"Entdecken Sie unsere Referenzen f\u00fcr Ausbaul\u00f6sungen von Nutzfahrzeugen\",\"breadcrumb\":{\"@id\":\"https:\\\/\\\/avu.lu\\\/de\\\/zubehoerfotos\\\/#breadcrumb\"},\"inLanguage\":\"de\",\"potentialAction\":[{\"@type\":\"ReadAction\",\"target\":[\"https:\\\/\\\/avu.lu\\\/de\\\/zubehoerfotos\\\/\"]}]},{\"@type\":\"BreadcrumbList\",\"@id\":\"https:\\\/\\\/avu.lu\\\/de\\\/zubehoerfotos\\\/#breadcrumb\",\"itemListElement\":[{\"@type\":\"ListItem\",\"position\":1,\"name\":\"Home\",\"item\":\"https:\\\/\\\/avu.lu\\\/de\\\/startseite\\\/\"},{\"@type\":\"ListItem\",\"position\":2,\"name\":\"Zubeh\u00f6r\"}]},{\"@type\":\"WebSite\",\"@id\":\"https:\\\/\\\/avu.lu\\\/de\\\/#website\",\"url\":\"https:\\\/\\\/avu.lu\\\/de\\\/\",\"name\":\"A.V.U. by Breger\",\"description\":\"\",\"publisher\":{\"@id\":\"https:\\\/\\\/avu.lu\\\/de\\\/#organization\"},\"potentialAction\":[{\"@type\":\"SearchAction\",\"target\":{\"@type\":\"EntryPoint\",\"urlTemplate\":\"https:\\\/\\\/avu.lu\\\/de\\\/?s={search_term_string}\"},\"query-input\":{\"@type\":\"PropertyValueSpecification\",\"valueRequired\":true,\"valueName\":\"search_term_string\"}}],\"inLanguage\":\"de\"},{\"@type\":\"Organization\",\"@id\":\"https:\\\/\\\/avu.lu\\\/de\\\/#organization\",\"name\":\"A.V.U. By Breger\",\"url\":\"https:\\\/\\\/avu.lu\\\/de\\\/\",\"logo\":{\"@type\":\"ImageObject\",\"inLanguage\":\"de\",\"@id\":\"https:\\\/\\\/avu.lu\\\/de\\\/#\\\/schema\\\/logo\\\/image\\\/\",\"url\":\"https:\\\/\\\/avu.lu\\\/wp-content\\\/uploads\\\/2019\\\/07\\\/kopfzeile.jpg\",\"contentUrl\":\"https:\\\/\\\/avu.lu\\\/wp-content\\\/uploads\\\/2019\\\/07\\\/kopfzeile.jpg\",\"width\":670,\"height\":298,\"caption\":\"A.V.U. By Breger\"},\"image\":{\"@id\":\"https:\\\/\\\/avu.lu\\\/de\\\/#\\\/schema\\\/logo\\\/image\\\/\"}}]}<\/script>\n<!-- \/ Yoast SEO plugin. -->","yoast_head_json":{"title":"Unsere Referenzen \u2013 Fotos von Zubeh\u00f6r | A.V.U. By Breger","description":"Entdecken Sie unsere Referenzen f\u00fcr Ausbaul\u00f6sungen von Nutzfahrzeugen","robots":{"index":"index","follow":"follow","max-snippet":"max-snippet:-1","max-image-preview":"max-image-preview:large","max-video-preview":"max-video-preview:-1"},"canonical":"https:\/\/avu.lu\/de\/zubehoerfotos\/","og_locale":"de_DE","og_type":"article","og_title":"Unsere Referenzen \u2013 Fotos von Zubeh\u00f6r | A.V.U. By Breger","og_description":"Entdecken Sie unsere Referenzen f\u00fcr Ausbaul\u00f6sungen von Nutzfahrzeugen","og_url":"https:\/\/avu.lu\/de\/zubehoerfotos\/","og_site_name":"A.V.U. by Breger S.\u00e0 r.l.","article_modified_time":"2026-04-01T11:22:43+00:00","twitter_card":"summary_large_image","twitter_misc":{"Gesch\u00e4tzte Lesezeit":"6\u00a0Minute"},"schema":{"@context":"https:\/\/schema.org","@graph":[{"@type":"WebPage","@id":"https:\/\/avu.lu\/de\/zubehoerfotos\/","url":"https:\/\/avu.lu\/de\/zubehoerfotos\/","name":"Unsere Referenzen \u2013 Fotos von Zubeh\u00f6r | A.V.U. By Breger","isPartOf":{"@id":"https:\/\/avu.lu\/de\/#website"},"datePublished":"2023-04-05T09:05:21+00:00","dateModified":"2026-04-01T11:22:43+00:00","description":"Entdecken Sie unsere Referenzen f\u00fcr Ausbaul\u00f6sungen von Nutzfahrzeugen","breadcrumb":{"@id":"https:\/\/avu.lu\/de\/zubehoerfotos\/#breadcrumb"},"inLanguage":"de","potentialAction":[{"@type":"ReadAction","target":["https:\/\/avu.lu\/de\/zubehoerfotos\/"]}]},{"@type":"BreadcrumbList","@id":"https:\/\/avu.lu\/de\/zubehoerfotos\/#breadcrumb","itemListElement":[{"@type":"ListItem","position":1,"name":"Home","item":"https:\/\/avu.lu\/de\/startseite\/"},{"@type":"ListItem","position":2,"name":"Zubeh\u00f6r"}]},{"@type":"WebSite","@id":"https:\/\/avu.lu\/de\/#website","url":"https:\/\/avu.lu\/de\/","name":"A.V.U. by Breger","description":"","publisher":{"@id":"https:\/\/avu.lu\/de\/#organization"},"potentialAction":[{"@type":"SearchAction","target":{"@type":"EntryPoint","urlTemplate":"https:\/\/avu.lu\/de\/?s={search_term_string}"},"query-input":{"@type":"PropertyValueSpecification","valueRequired":true,"valueName":"search_term_string"}}],"inLanguage":"de"},{"@type":"Organization","@id":"https:\/\/avu.lu\/de\/#organization","name":"A.V.U. By Breger","url":"https:\/\/avu.lu\/de\/","logo":{"@type":"ImageObject","inLanguage":"de","@id":"https:\/\/avu.lu\/de\/#\/schema\/logo\/image\/","url":"https:\/\/avu.lu\/wp-content\/uploads\/2019\/07\/kopfzeile.jpg","contentUrl":"https:\/\/avu.lu\/wp-content\/uploads\/2019\/07\/kopfzeile.jpg","width":670,"height":298,"caption":"A.V.U. By Breger"},"image":{"@id":"https:\/\/avu.lu\/de\/#\/schema\/logo\/image\/"}}]}},"_links":{"self":[{"href":"https:\/\/avu.lu\/de\/wp-json\/wp\/v2\/pages\/31192","targetHints":{"allow":["GET"]}}],"collection":[{"href":"https:\/\/avu.lu\/de\/wp-json\/wp\/v2\/pages"}],"about":[{"href":"https:\/\/avu.lu\/de\/wp-json\/wp\/v2\/types\/page"}],"author":[{"embeddable":true,"href":"https:\/\/avu.lu\/de\/wp-json\/wp\/v2\/users\/1"}],"replies":[{"embeddable":true,"href":"https:\/\/avu.lu\/de\/wp-json\/wp\/v2\/comments?post=31192"}],"version-history":[{"count":47,"href":"https:\/\/avu.lu\/de\/wp-json\/wp\/v2\/pages\/31192\/revisions"}],"predecessor-version":[{"id":31520,"href":"https:\/\/avu.lu\/de\/wp-json\/wp\/v2\/pages\/31192\/revisions\/31520"}],"wp:attachment":[{"href":"https:\/\/avu.lu\/de\/wp-json\/wp\/v2\/media?parent=31192"}],"curies":[{"name":"wp","href":"https:\/\/api.w.org\/{rel}","templated":true}]}}