{"id":31262,"date":"2019-09-05T13:30:52","date_gmt":"2019-09-05T11:30:52","guid":{"rendered":"https:\/\/avu.lu\/vorstellung\/"},"modified":"2026-02-06T15:48:32","modified_gmt":"2026-02-06T14:48:32","slug":"vorstellung","status":"publish","type":"page","link":"https:\/\/avu.lu\/de\/vorstellung\/","title":{"rendered":"\u00fcber uns"},"content":{"rendered":"<p>[et_pb_section fb_built=&#8220;1&#8243; _builder_version=&#8220;4.9.4&#8243; custom_padding=&#8220;||0px||false|false&#8220;][et_pb_row _builder_version=&#8220;4.9.4&#8243;][et_pb_column type=&#8220;4_4&#8243; _builder_version=&#8220;3.25&#8243; custom_padding=&#8220;|||&#8220; custom_padding__hover=&#8220;|||&#8220;][et_pb_text module_id=&#8220;#promotion&#8220; _builder_version=&#8220;4.9.4&#8243; header_font=&#8220;|700|||||||&#8220; header_text_color=&#8220;#0069b3&#8243; header_font_size=&#8220;50px&#8220; header_2_text_color=&#8220;rgba(2,0,0,0.58)&#8220; header_2_line_height=&#8220;1.5em&#8220; hover_enabled=&#8220;0&#8243; header_font_size_tablet=&#8220;36px&#8220; header_font_size_phone=&#8220;28px&#8220; header_font_size_last_edited=&#8220;on|phone&#8220; header_2_font_size_tablet=&#8220;22px&#8220; header_2_font_size_phone=&#8220;18px&#8220; header_2_font_size_last_edited=&#8220;on|desktop&#8220; sticky_enabled=&#8220;0&#8243; header_2_font_size=&#8220;24px&#8220;]<\/p>\n<h1>A.V.U. \u2013 Gr\u00fcndung des Unternehmens im Jahr 2015<\/h1>\n<h2>Ma\u00dfgeschneiderte Einrichtungsl\u00f6sungen f\u00fcr Nutzfahrzeuge<\/h2>\n<p>[\/et_pb_text][\/et_pb_column][\/et_pb_row][\/et_pb_section][et_pb_section fb_built=&#8220;1&#8243; _builder_version=&#8220;4.9.4&#8243; custom_padding=&#8220;0px||||false|false&#8220;][et_pb_row _builder_version=&#8220;3.25&#8243;][et_pb_column type=&#8220;4_4&#8243; _builder_version=&#8220;3.25&#8243; custom_padding=&#8220;|||&#8220; custom_padding__hover=&#8220;|||&#8220;][et_pb_text _builder_version=&#8220;3.27.4&#8243; text_font=&#8220;||||||||&#8220; text_font_size=&#8220;17px&#8220;]<\/p>\n<p>Thierry Hubert, seit 2002 Mitarbeiter bei Breger Fr\u00e8res et fils S.\u00e0 r.l. und spezialisiert auf den Ausbau von Nutzfahrzeugen, freut sich gemeinsam mit Nathalie Breger und Max Breger, Ihnen die Er\u00f6ffnung des Unternehmens AVU bekannt zu geben: Am\u00e9nagement de voitures utilitaires by Breger S.\u00e0 r.l.<br \/>Um Sie noch besser bedienen zu k\u00f6nnen, haben die Teilhaber von Breger Fr\u00e8res et fils sowie Thierry Hubert, der technischer Gesch\u00e4ftsf\u00fchrer und Teilhaber von AVU by Breger S.\u00e0 r.l. geworden ist, den SORTIMO-Service und die dazugeh\u00f6rigen Waren Anfang M\u00e4rz 2015 nach Kehlen verlegt.<\/p>\n<p>Unabh\u00e4ngig von Ihrem Beruf analysieren wir gemeinsam mit Ihnen Ihre Bed\u00fcrfnisse und bieten Ihnen eine passende Fahrzeugeinrichtung anhand eines 3D-Plans an. Wir bieten Ihnen Fahrzeugeinrichtungsl\u00f6sungen der Marke SORTIMO an. Seit 40 Jahren entwickelt, produziert und vertreibt SORTIMO ma\u00dfgeschneiderte Fahrzeugeinrichtungsl\u00f6sungen. Das Portfolio umfasst Fahrzeugeinrichtungsl\u00f6sungen, die f\u00fcr die unterschiedlichen T\u00e4tigkeitsbereiche im Handel, Handwerk und in der Industrie konzipiert sind.<br \/>Unter dem Namen AVU by Breger S.\u00e0 r.l. bieten wir Ihnen weiterhin den gleichen Service wie gewohnt bei Breger Fr\u00e8res et fils \u2013 jedoch mit einer noch besseren Pr\u00e4sentationsqualit\u00e4t. Mit einem 70 m\u00b2 gro\u00dfen Showroom, einer perfekt ausgestatteten Werkstatt und einer Lagerhalle von 400 m\u00b2 hei\u00dft Sie AVU by Breger S.\u00e0 r.l. an folgender Adresse willkommen: 41a, Zone Industrielle<br \/><strong>L-8287 Kehlen<\/strong><\/p>\n<p>F\u00fcr weitere Informationen oder ein individuelles Angebot z\u00f6gern Sie nicht, Herrn Thierry Hubert unter +352 489951-50 oder per E-Mail an hubert@breger.lu zu kontaktieren. F\u00fcr administrative Fragen kontaktieren Sie bitte Frau Nathalie Breger unter nathalie@breger.lu. <\/p>\n<p>[\/et_pb_text][et_pb_image src=&#8220;https:\/\/avu.lu\/wp-content\/uploads\/2019\/09\/avu-batiment.jpg&#8220; align_tablet=&#8220;center&#8220; align_phone=&#8220;&#8220; align_last_edited=&#8220;on|desktop&#8220; _builder_version=&#8220;4.9.4&#8243; hover_enabled=&#8220;0&#8243; force_fullwidth=&#8220;on&#8220; sticky_enabled=&#8220;0&#8243;][\/et_pb_image][\/et_pb_column][\/et_pb_row][\/et_pb_section]<\/p>\n","protected":false},"excerpt":{"rendered":"<p>A.V.U. \u2013 Gr\u00fcndung des Unternehmens im Jahr 2015 Ma\u00dfgeschneiderte Einrichtungsl\u00f6sungen f\u00fcr NutzfahrzeugeThierry Hubert, seit 2002 Mitarbeiter bei Breger Fr\u00e8res et fils S.\u00e0 r.l. und spezialisiert auf den Ausbau von Nutzfahrzeugen, freut sich gemeinsam mit Nathalie Breger und Max Breger, Ihnen die Er\u00f6ffnung des Unternehmens AVU bekannt zu geben: Am\u00e9nagement de voitures utilitaires by Breger S.\u00e0 [&hellip;]<\/p>\n","protected":false},"author":1,"featured_media":31087,"parent":0,"menu_order":0,"comment_status":"closed","ping_status":"closed","template":"","meta":{"_et_pb_use_builder":"on","_et_pb_old_content":"","_et_gb_content_width":"","footnotes":""},"class_list":["post-31262","page","type-page","status-publish","has-post-thumbnail","hentry"],"yoast_head":"<!-- This site is optimized with the Yoast SEO plugin v27.3 - https:\/\/yoast.com\/product\/yoast-seo-wordpress\/ -->\n<title>\u00dcber uns | A.V.U. By Breger<\/title>\n<meta name=\"description\" content=\"Seit der Unternehmensgr\u00fcndung im Jahr 2015 bieten wir in ganz Luxemburg Sortimo-Nutzfahrzeugeinrichtungen an.\" \/>\n<meta name=\"robots\" content=\"index, follow, max-snippet:-1, max-image-preview:large, max-video-preview:-1\" \/>\n<link rel=\"canonical\" href=\"https:\/\/avu.lu\/de\/vorstellung\/\" \/>\n<meta property=\"og:locale\" content=\"de_DE\" \/>\n<meta property=\"og:type\" content=\"article\" \/>\n<meta property=\"og:title\" content=\"\u00dcber uns | A.V.U. By Breger\" \/>\n<meta property=\"og:description\" content=\"Seit der Unternehmensgr\u00fcndung im Jahr 2015 bieten wir in ganz Luxemburg Sortimo-Nutzfahrzeugeinrichtungen an.\" \/>\n<meta property=\"og:url\" content=\"https:\/\/avu.lu\/de\/vorstellung\/\" \/>\n<meta property=\"og:site_name\" content=\"A.V.U. by Breger S.\u00e0 r.l.\" \/>\n<meta property=\"article:modified_time\" content=\"2026-02-06T14:48:32+00:00\" \/>\n<meta property=\"og:image\" content=\"https:\/\/avu.lu\/wp-content\/uploads\/2019\/07\/kopfzeile.png\" \/>\n\t<meta property=\"og:image:width\" content=\"403\" \/>\n\t<meta property=\"og:image:height\" content=\"403\" \/>\n\t<meta property=\"og:image:type\" content=\"image\/png\" \/>\n<meta name=\"twitter:card\" content=\"summary_large_image\" \/>\n<meta name=\"twitter:label1\" content=\"Gesch\u00e4tzte Lesezeit\" \/>\n\t<meta name=\"twitter:data1\" content=\"2\u00a0Minute\" \/>\n<script type=\"application\/ld+json\" class=\"yoast-schema-graph\">{\"@context\":\"https:\\\/\\\/schema.org\",\"@graph\":[{\"@type\":\"WebPage\",\"@id\":\"https:\\\/\\\/avu.lu\\\/de\\\/vorstellung\\\/\",\"url\":\"https:\\\/\\\/avu.lu\\\/de\\\/vorstellung\\\/\",\"name\":\"\u00dcber uns | A.V.U. By Breger\",\"isPartOf\":{\"@id\":\"https:\\\/\\\/avu.lu\\\/de\\\/#website\"},\"primaryImageOfPage\":{\"@id\":\"https:\\\/\\\/avu.lu\\\/de\\\/vorstellung\\\/#primaryimage\"},\"image\":{\"@id\":\"https:\\\/\\\/avu.lu\\\/de\\\/vorstellung\\\/#primaryimage\"},\"thumbnailUrl\":\"https:\\\/\\\/avu.lu\\\/wp-content\\\/uploads\\\/2019\\\/07\\\/kopfzeile.png\",\"datePublished\":\"2019-09-05T11:30:52+00:00\",\"dateModified\":\"2026-02-06T14:48:32+00:00\",\"description\":\"Seit der Unternehmensgr\u00fcndung im Jahr 2015 bieten wir in ganz Luxemburg Sortimo-Nutzfahrzeugeinrichtungen an.\",\"breadcrumb\":{\"@id\":\"https:\\\/\\\/avu.lu\\\/de\\\/vorstellung\\\/#breadcrumb\"},\"inLanguage\":\"de\",\"potentialAction\":[{\"@type\":\"ReadAction\",\"target\":[\"https:\\\/\\\/avu.lu\\\/de\\\/vorstellung\\\/\"]}]},{\"@type\":\"ImageObject\",\"inLanguage\":\"de\",\"@id\":\"https:\\\/\\\/avu.lu\\\/de\\\/vorstellung\\\/#primaryimage\",\"url\":\"https:\\\/\\\/avu.lu\\\/wp-content\\\/uploads\\\/2019\\\/07\\\/kopfzeile.png\",\"contentUrl\":\"https:\\\/\\\/avu.lu\\\/wp-content\\\/uploads\\\/2019\\\/07\\\/kopfzeile.png\",\"width\":403,\"height\":403},{\"@type\":\"BreadcrumbList\",\"@id\":\"https:\\\/\\\/avu.lu\\\/de\\\/vorstellung\\\/#breadcrumb\",\"itemListElement\":[{\"@type\":\"ListItem\",\"position\":1,\"name\":\"Home\",\"item\":\"https:\\\/\\\/avu.lu\\\/de\\\/startseite\\\/\"},{\"@type\":\"ListItem\",\"position\":2,\"name\":\"\u00fcber uns\"}]},{\"@type\":\"WebSite\",\"@id\":\"https:\\\/\\\/avu.lu\\\/de\\\/#website\",\"url\":\"https:\\\/\\\/avu.lu\\\/de\\\/\",\"name\":\"A.V.U. by Breger\",\"description\":\"\",\"publisher\":{\"@id\":\"https:\\\/\\\/avu.lu\\\/de\\\/#organization\"},\"potentialAction\":[{\"@type\":\"SearchAction\",\"target\":{\"@type\":\"EntryPoint\",\"urlTemplate\":\"https:\\\/\\\/avu.lu\\\/de\\\/?s={search_term_string}\"},\"query-input\":{\"@type\":\"PropertyValueSpecification\",\"valueRequired\":true,\"valueName\":\"search_term_string\"}}],\"inLanguage\":\"de\"},{\"@type\":\"Organization\",\"@id\":\"https:\\\/\\\/avu.lu\\\/de\\\/#organization\",\"name\":\"A.V.U. By Breger\",\"url\":\"https:\\\/\\\/avu.lu\\\/de\\\/\",\"logo\":{\"@type\":\"ImageObject\",\"inLanguage\":\"de\",\"@id\":\"https:\\\/\\\/avu.lu\\\/de\\\/#\\\/schema\\\/logo\\\/image\\\/\",\"url\":\"https:\\\/\\\/avu.lu\\\/wp-content\\\/uploads\\\/2019\\\/07\\\/kopfzeile.jpg\",\"contentUrl\":\"https:\\\/\\\/avu.lu\\\/wp-content\\\/uploads\\\/2019\\\/07\\\/kopfzeile.jpg\",\"width\":670,\"height\":298,\"caption\":\"A.V.U. By Breger\"},\"image\":{\"@id\":\"https:\\\/\\\/avu.lu\\\/de\\\/#\\\/schema\\\/logo\\\/image\\\/\"}}]}<\/script>\n<!-- \/ Yoast SEO plugin. -->","yoast_head_json":{"title":"\u00dcber uns | A.V.U. By Breger","description":"Seit der Unternehmensgr\u00fcndung im Jahr 2015 bieten wir in ganz Luxemburg Sortimo-Nutzfahrzeugeinrichtungen an.","robots":{"index":"index","follow":"follow","max-snippet":"max-snippet:-1","max-image-preview":"max-image-preview:large","max-video-preview":"max-video-preview:-1"},"canonical":"https:\/\/avu.lu\/de\/vorstellung\/","og_locale":"de_DE","og_type":"article","og_title":"\u00dcber uns | A.V.U. By Breger","og_description":"Seit der Unternehmensgr\u00fcndung im Jahr 2015 bieten wir in ganz Luxemburg Sortimo-Nutzfahrzeugeinrichtungen an.","og_url":"https:\/\/avu.lu\/de\/vorstellung\/","og_site_name":"A.V.U. by Breger S.\u00e0 r.l.","article_modified_time":"2026-02-06T14:48:32+00:00","og_image":[{"width":403,"height":403,"url":"https:\/\/avu.lu\/wp-content\/uploads\/2019\/07\/kopfzeile.png","type":"image\/png"}],"twitter_card":"summary_large_image","twitter_misc":{"Gesch\u00e4tzte Lesezeit":"2\u00a0Minute"},"schema":{"@context":"https:\/\/schema.org","@graph":[{"@type":"WebPage","@id":"https:\/\/avu.lu\/de\/vorstellung\/","url":"https:\/\/avu.lu\/de\/vorstellung\/","name":"\u00dcber uns | A.V.U. By Breger","isPartOf":{"@id":"https:\/\/avu.lu\/de\/#website"},"primaryImageOfPage":{"@id":"https:\/\/avu.lu\/de\/vorstellung\/#primaryimage"},"image":{"@id":"https:\/\/avu.lu\/de\/vorstellung\/#primaryimage"},"thumbnailUrl":"https:\/\/avu.lu\/wp-content\/uploads\/2019\/07\/kopfzeile.png","datePublished":"2019-09-05T11:30:52+00:00","dateModified":"2026-02-06T14:48:32+00:00","description":"Seit der Unternehmensgr\u00fcndung im Jahr 2015 bieten wir in ganz Luxemburg Sortimo-Nutzfahrzeugeinrichtungen an.","breadcrumb":{"@id":"https:\/\/avu.lu\/de\/vorstellung\/#breadcrumb"},"inLanguage":"de","potentialAction":[{"@type":"ReadAction","target":["https:\/\/avu.lu\/de\/vorstellung\/"]}]},{"@type":"ImageObject","inLanguage":"de","@id":"https:\/\/avu.lu\/de\/vorstellung\/#primaryimage","url":"https:\/\/avu.lu\/wp-content\/uploads\/2019\/07\/kopfzeile.png","contentUrl":"https:\/\/avu.lu\/wp-content\/uploads\/2019\/07\/kopfzeile.png","width":403,"height":403},{"@type":"BreadcrumbList","@id":"https:\/\/avu.lu\/de\/vorstellung\/#breadcrumb","itemListElement":[{"@type":"ListItem","position":1,"name":"Home","item":"https:\/\/avu.lu\/de\/startseite\/"},{"@type":"ListItem","position":2,"name":"\u00fcber uns"}]},{"@type":"WebSite","@id":"https:\/\/avu.lu\/de\/#website","url":"https:\/\/avu.lu\/de\/","name":"A.V.U. by Breger","description":"","publisher":{"@id":"https:\/\/avu.lu\/de\/#organization"},"potentialAction":[{"@type":"SearchAction","target":{"@type":"EntryPoint","urlTemplate":"https:\/\/avu.lu\/de\/?s={search_term_string}"},"query-input":{"@type":"PropertyValueSpecification","valueRequired":true,"valueName":"search_term_string"}}],"inLanguage":"de"},{"@type":"Organization","@id":"https:\/\/avu.lu\/de\/#organization","name":"A.V.U. By Breger","url":"https:\/\/avu.lu\/de\/","logo":{"@type":"ImageObject","inLanguage":"de","@id":"https:\/\/avu.lu\/de\/#\/schema\/logo\/image\/","url":"https:\/\/avu.lu\/wp-content\/uploads\/2019\/07\/kopfzeile.jpg","contentUrl":"https:\/\/avu.lu\/wp-content\/uploads\/2019\/07\/kopfzeile.jpg","width":670,"height":298,"caption":"A.V.U. By Breger"},"image":{"@id":"https:\/\/avu.lu\/de\/#\/schema\/logo\/image\/"}}]}},"_links":{"self":[{"href":"https:\/\/avu.lu\/de\/wp-json\/wp\/v2\/pages\/31262","targetHints":{"allow":["GET"]}}],"collection":[{"href":"https:\/\/avu.lu\/de\/wp-json\/wp\/v2\/pages"}],"about":[{"href":"https:\/\/avu.lu\/de\/wp-json\/wp\/v2\/types\/page"}],"author":[{"embeddable":true,"href":"https:\/\/avu.lu\/de\/wp-json\/wp\/v2\/users\/1"}],"replies":[{"embeddable":true,"href":"https:\/\/avu.lu\/de\/wp-json\/wp\/v2\/comments?post=31262"}],"version-history":[{"count":0,"href":"https:\/\/avu.lu\/de\/wp-json\/wp\/v2\/pages\/31262\/revisions"}],"wp:featuredmedia":[{"embeddable":true,"href":"https:\/\/avu.lu\/de\/wp-json\/wp\/v2\/media\/31087"}],"wp:attachment":[{"href":"https:\/\/avu.lu\/de\/wp-json\/wp\/v2\/media?parent=31262"}],"curies":[{"name":"wp","href":"https:\/\/api.w.org\/{rel}","templated":true}]}}